{"id":15455,"date":"2017-05-13T04:22:39","date_gmt":"2017-05-13T04:22:39","guid":{"rendered":"https:\/\/www.bareinternational.eu\/?page_id=15455\/"},"modified":"2019-11-05T17:16:08","modified_gmt":"2019-11-05T16:16:08","slug":"solicitar-um-orcamento","status":"publish","type":"page","link":"https:\/\/www.bareinternational.eu\/pt-pt\/solicitar-um-orcamento\/","title":{"rendered":"Solicitar um or\u00e7amento"},"content":{"rendered":"<div id='av_section_1'  class='avia-section av-av_section-495a0a8397b490ee570d70bd00e87e82 main_color avia-section-large avia-no-border-styling  avia-builder-el-0  el_before_av_section  avia-builder-el-first  formcustom avia-bg-style-scroll container_wrap sidebar_right'  ><div class='container av-section-cont-open' ><main  role=\"main\" itemprop=\"mainContentOfPage\"  class='template-page content  av-content-small alpha units'><div class='post-entry post-entry-type-page post-entry-15455'><div class='entry-content-wrapper clearfix'>\n\n<style type=\"text\/css\" data-created_by=\"avia_inline_auto\" id=\"style-css-av-av_heading-6fdee71e59d9f2c9127ad51a44965997\">\n#top .av-special-heading.av-av_heading-6fdee71e59d9f2c9127ad51a44965997{\npadding-bottom:20px;\nfont-size:70px;\n}\nbody .av-special-heading.av-av_heading-6fdee71e59d9f2c9127ad51a44965997 .av-special-heading-tag .heading-char{\nfont-size:25px;\n}\n#top #wrap_all .av-special-heading.av-av_heading-6fdee71e59d9f2c9127ad51a44965997 .av-special-heading-tag{\nfont-size:70px;\n}\n.av-special-heading.av-av_heading-6fdee71e59d9f2c9127ad51a44965997 .av-subheading{\nfont-size:15px;\n}\n\n@media only screen and (min-width: 480px) and (max-width: 767px){ \n#top #wrap_all .av-special-heading.av-av_heading-6fdee71e59d9f2c9127ad51a44965997 .av-special-heading-tag{\nfont-size:0.8em;\n}\n}\n\n@media only screen and (max-width: 479px){ \n#top #wrap_all .av-special-heading.av-av_heading-6fdee71e59d9f2c9127ad51a44965997 .av-special-heading-tag{\nfont-size:0.8em;\n}\n}\n<\/style>\n<div  class='av-special-heading av-av_heading-6fdee71e59d9f2c9127ad51a44965997 av-special-heading-h1 blockquote modern-quote modern-centered  avia-builder-el-1  el_before_av_one_full  avia-builder-el-first  av-thin-font av-inherit-size'><h1 class='av-special-heading-tag '  itemprop=\"headline\"  >SOLICITE UM OR\u00c7AMENTO<strong>.<\/strong><\/h1><div class=\"special-heading-border\"><div class=\"special-heading-inner-border\"><\/div><\/div><\/div>\n\n<style type=\"text\/css\" data-created_by=\"avia_inline_auto\" id=\"style-css-av-av_one_full-6126cab7d8fab8d08143dd2dacdf673c\">\n.flex_column.av-av_one_full-6126cab7d8fab8d08143dd2dacdf673c{\nborder-radius:0px 0px 0px 0px;\npadding:0px 0px 0px 0px;\n}\n<\/style>\n<div  class='flex_column av-av_one_full-6126cab7d8fab8d08143dd2dacdf673c av_one_full  avia-builder-el-2  el_after_av_heading  avia-builder-el-last  first flex_column_div av-zero-column-padding  '     ><section  class='av_textblock_section av-av_textblock-35972167d9f102c5ddaec0c531c98b9e '   itemscope=\"itemscope\" itemtype=\"https:\/\/schema.org\/CreativeWork\" ><div class='avia_textblock'  itemprop=\"text\" ><p style=\"text-align: center;\">Seu neg\u00f3cio \u00e9 \u00fanico e assim s\u00e3o nossas solu\u00e7\u00f5es. N\u00f3s ouvimo-lo a fim fornecer programas de pesquisa feitos sob encomenda para endere\u00e7ar seus desafios mais urgentes.<\/p>\n<p style=\"text-align: center;\">N\u00f3s entraremos em contato com voc\u00ea para criar um tempo para descobrir mais sobre suas necessidades.<\/p>\n<\/div><\/section><\/div>\n\n<\/div><\/div><\/main><!-- close content main element --><\/div><\/div>\n<style type=\"text\/css\" data-created_by=\"avia_inline_auto\" id=\"style-css-av-av_section-b520aa9ddda455b96bd91db567061cde\">\n.avia-section.av-av_section-b520aa9ddda455b96bd91db567061cde{\nbackground-repeat:no-repeat;\nbackground-image:url(https:\/\/www.bareinternational.eu\/wp-content\/uploads\/sites\/6\/2016\/02\/find-out-more-about-mystery-shopping.jpg);\nbackground-position:50% 50%;\nbackground-attachment:fixed;\n}\n.avia-section.av-av_section-b520aa9ddda455b96bd91db567061cde .av-section-color-overlay{\nopacity:0.9;\nbackground-color:#0a0a0a;\n}\n<\/style>\n<div id='request'  class='avia-section av-av_section-b520aa9ddda455b96bd91db567061cde alternate_color avia-section-default avia-no-border-styling  avia-builder-el-4  el_after_av_section  el_before_av_layout_row  avia-full-stretch avia-bg-style-fixed av-section-color-overlay-active container_wrap sidebar_right'  data-section-bg-repeat='stretch'><div class=\"av-section-color-overlay-wrap\"><div class=\"av-section-color-overlay\"><\/div><div class='container av-section-cont-open' ><div class='template-page content  av-content-small alpha units'><div class='post-entry post-entry-type-page post-entry-15455'><div class='entry-content-wrapper clearfix'>\n\n<style type=\"text\/css\" data-created_by=\"avia_inline_auto\" id=\"style-css-av-av_three_fifth-6126cab7d8fab8d08143dd2dacdf673c\">\n.flex_column.av-av_three_fifth-6126cab7d8fab8d08143dd2dacdf673c{\nborder-radius:0px 0px 0px 0px;\npadding:0px 0px 0px 0px;\n}\n<\/style>\n<div  class='flex_column av-av_three_fifth-6126cab7d8fab8d08143dd2dacdf673c av_three_fifth  avia-builder-el-5  el_before_av_two_fifth  avia-builder-el-first  first flex_column_div av-zero-column-padding  '     ><p>\n<style type=\"text\/css\" data-created_by=\"avia_inline_auto\" id=\"style-css-av-av_heading-ef094a7b9c683f0e1099a1dc6a0663f8\">\n#top .av-special-heading.av-av_heading-ef094a7b9c683f0e1099a1dc6a0663f8{\npadding-bottom:20px;\nfont-size:50px;\n}\nbody .av-special-heading.av-av_heading-ef094a7b9c683f0e1099a1dc6a0663f8 .av-special-heading-tag .heading-char{\nfont-size:25px;\n}\n#top #wrap_all .av-special-heading.av-av_heading-ef094a7b9c683f0e1099a1dc6a0663f8 .av-special-heading-tag{\nfont-size:50px;\n}\n.av-special-heading.av-av_heading-ef094a7b9c683f0e1099a1dc6a0663f8 .av-subheading{\nfont-size:15px;\n}\n\n@media only screen and (min-width: 480px) and (max-width: 767px){ \n#top #wrap_all .av-special-heading.av-av_heading-ef094a7b9c683f0e1099a1dc6a0663f8 .av-special-heading-tag{\nfont-size:0.8em;\n}\n}\n\n@media only screen and (max-width: 479px){ \n#top #wrap_all .av-special-heading.av-av_heading-ef094a7b9c683f0e1099a1dc6a0663f8 .av-special-heading-tag{\nfont-size:0.8em;\n}\n}\n<\/style>\n<div  class='av-special-heading av-av_heading-ef094a7b9c683f0e1099a1dc6a0663f8 av-special-heading-h1 blockquote modern-quote  avia-builder-el-6  el_before_av_codeblock  avia-builder-el-first  av-thin-font av-inherit-size'><h1 class='av-special-heading-tag '  itemprop=\"headline\"  > CONTE-NOS SOBRE ISSO <strong>&#8230;<\/strong><\/h1><div class=\"special-heading-border\"><div class=\"special-heading-inner-border\"><\/div><\/div><\/div><br \/>\n<\/p><\/div>\n<style type=\"text\/css\" data-created_by=\"avia_inline_auto\" id=\"style-css-av-av_two_fifth-0aa7055fe62c3622faec82866afbaeb2\">\n.flex_column.av-av_two_fifth-0aa7055fe62c3622faec82866afbaeb2{\nborder-radius:0px 0px 0px 0px;\npadding:0px 0px 0px 0px;\n}\n<\/style>\n<div  class='flex_column av-av_two_fifth-0aa7055fe62c3622faec82866afbaeb2 av_two_fifth  avia-builder-el-8  el_after_av_three_fifth  avia-builder-el-last  flex_column_div av-zero-column-padding  '     ><p>\n<style type=\"text\/css\" data-created_by=\"avia_inline_auto\" id=\"style-css-av-av_textblock-39340253fa9e9cc45d1e56444f946063\">\n#top .av_textblock_section.av-av_textblock-39340253fa9e9cc45d1e56444f946063 .avia_textblock{\nfont-size:24px;\ncolor:#ffffff;\n}\n<\/style>\n<section  class='av_textblock_section av-av_textblock-39340253fa9e9cc45d1e56444f946063 '   itemscope=\"itemscope\" itemtype=\"https:\/\/schema.org\/CreativeWork\" ><div class='avia_textblock av_inherit_color'  itemprop=\"text\" ><p><strong>Conte-nos um pouco sobre o seu neg\u00f3cio eo que o mant\u00e9m acordado \u00e0 noite.<br \/>\nN\u00f3s podemos ajudar.<\/strong><\/p>\n<\/div><\/section><br \/>\n\n<style type=\"text\/css\" data-created_by=\"avia_inline_auto\" id=\"style-css-av-av_textblock-e8931f3a3cb0ffe4e01460315f0ed18b\">\n#top .av_textblock_section.av-av_textblock-e8931f3a3cb0ffe4e01460315f0ed18b .avia_textblock{\ncolor:#ffffff;\n}\n<\/style>\n<section  class='av_textblock_section av-av_textblock-e8931f3a3cb0ffe4e01460315f0ed18b '   itemscope=\"itemscope\" itemtype=\"https:\/\/schema.org\/CreativeWork\" ><div class='avia_textblock av_inherit_color'  itemprop=\"text\" ><p>Interessado em se tornar um avaliador?\u00a0 <a href=\"https:\/\/www.bareinternational.com.br\/evaluators\/\">Clique aqui<\/a> .<\/p>\n<\/div><\/section><\/p><\/div>\n\n<\/div><\/div><\/div><!-- close content main div --><\/div><\/div><\/div><div id='av-layout-grid-1'  class='av-layout-grid-container av-av_layout_row-caf1f26e08707a2ebe9176b630e736c2 entry-content-wrapper main_color av-flex-cells  avia-builder-el-11  el_after_av_section  avia-builder-el-last  grid-row-not-first  container_wrap sidebar_right'  >\n\n<style type=\"text\/css\" data-created_by=\"avia_inline_auto\" id=\"style-css-av-av_cell_one_third-e0b12a0d38574f55d296603f5bb31e09\">\n.flex_cell.av-av_cell_one_third-e0b12a0d38574f55d296603f5bb31e09{\nvertical-align:middle;\nbackground-color:#da291c;\n}\n.responsive #top #wrap_all .flex_cell.av-av_cell_one_third-e0b12a0d38574f55d296603f5bb31e09{\npadding:50px 50px 50px 50px !important;\n}\n<\/style>\n<div class='flex_cell av-av_cell_one_third-e0b12a0d38574f55d296603f5bb31e09 av-gridrow-cell av_one_third no_margin  avia-builder-el-12  el_before_av_cell_one_third  avia-builder-el-first  content-align-middle avia-full-stretch'  ><div class='flex_cell_inner'>\n<style type=\"text\/css\" data-created_by=\"avia_inline_auto\" id=\"style-css-av-av_animated_numbers-4778a2b46fcc050b444e04197951d426\">\n.avia-animated-number.av-av_animated_numbers-4778a2b46fcc050b444e04197951d426 .avia-animated-number-icon.avia-svg-icon svg:first-child{\nfill:#ffffff;\nstroke:#ffffff;\n}\n#top .avia-animated-number.av-av_animated_numbers-4778a2b46fcc050b444e04197951d426 .avia-animated-number-title{\nfont-size:50px;\ncolor:#ffffff;\n}\n#top .avia-animated-number.av-av_animated_numbers-4778a2b46fcc050b444e04197951d426 .avia-animated-number-content{\nfont-size:22px;\n}\n<\/style>\n<div  class=\"avia-animated-number av-av_animated_numbers-4778a2b46fcc050b444e04197951d426 av-force-default-color avia_animate_when_visible  avia-builder-el-13  avia-builder-el-no-sibling  avia-color-font-custom \" data-timer=\"3000\"><strong class=\"heading avia-animated-number-title\"><span class=\"avia-single-number __av-single-number\" data-number_format=\"\" data-number=\"150\" data-start_from=\"0\">150<\/span><span class=\"avia-no-number\">pa\u00edses<\/span><\/strong><div class=\"avia-animated-number-content\"><p>Na rede BARE<\/p>\n<\/div><\/div>\n<\/div><\/div>\n<style type=\"text\/css\" data-created_by=\"avia_inline_auto\" id=\"style-css-av-av_cell_one_third-cd23fdc82ac140e61d64f63b27d15077\">\n.flex_cell.av-av_cell_one_third-cd23fdc82ac140e61d64f63b27d15077{\nvertical-align:middle;\nbackground-color:#ff9e1b;\n}\n.responsive #top #wrap_all .flex_cell.av-av_cell_one_third-cd23fdc82ac140e61d64f63b27d15077{\npadding:50px 50px 50px 50px !important;\n}\n<\/style>\n<div class='flex_cell av-av_cell_one_third-cd23fdc82ac140e61d64f63b27d15077 av-gridrow-cell av_one_third no_margin  avia-builder-el-14  el_after_av_cell_one_third  el_before_av_cell_one_third  content-align-middle avia-full-stretch'  ><div class='flex_cell_inner'>\n<style type=\"text\/css\" data-created_by=\"avia_inline_auto\" id=\"style-css-av-k2m225mi-32e7fc6bcc5dc5dec3de73d079e82022\">\n.avia-animated-number.av-k2m225mi-32e7fc6bcc5dc5dec3de73d079e82022 .avia-animated-number-icon.avia-svg-icon svg:first-child{\nfill:#ffffff;\nstroke:#ffffff;\n}\n#top .avia-animated-number.av-k2m225mi-32e7fc6bcc5dc5dec3de73d079e82022 .avia-animated-number-title{\nfont-size:50px;\ncolor:#ffffff;\n}\n#top .avia-animated-number.av-k2m225mi-32e7fc6bcc5dc5dec3de73d079e82022 .avia-animated-number-content{\nfont-size:22px;\n}\n<\/style>\n<div  class=\"avia-animated-number av-k2m225mi-32e7fc6bcc5dc5dec3de73d079e82022 av-force-default-color avia_animate_when_visible  avia-builder-el-15  avia-builder-el-no-sibling  avia-color-font-custom \" data-timer=\"3000\"><strong class=\"heading avia-animated-number-title\"><span class=\"avia-single-number __av-single-number\" data-number_format=\"\" data-number=\"10\" data-start_from=\"0\">10<\/span><span class=\"avia-no-number\">OEscrit\u00f3rios<\/span><\/strong><div class=\"avia-animated-number-content\"><p>ao redor do mundo<\/p>\n<\/div><\/div>\n<\/div><\/div>\n<style type=\"text\/css\" data-created_by=\"avia_inline_auto\" id=\"style-css-av-av_cell_one_third-c703b13345664433a2acd0a08f527a49\">\n.flex_cell.av-av_cell_one_third-c703b13345664433a2acd0a08f527a49{\nvertical-align:middle;\nbackground-color:#7474c1;\n}\n.responsive #top #wrap_all .flex_cell.av-av_cell_one_third-c703b13345664433a2acd0a08f527a49{\npadding:50px 50px 50px 50px !important;\n}\n<\/style>\n<div class='flex_cell av-av_cell_one_third-c703b13345664433a2acd0a08f527a49 av-gridrow-cell av_one_third no_margin  avia-builder-el-16  el_after_av_cell_one_third  avia-builder-el-last  content-align-middle avia-full-stretch'  ><div class='flex_cell_inner'>\n<style type=\"text\/css\" data-created_by=\"avia_inline_auto\" id=\"style-css-av-av_animated_numbers-d852b0b2d01a80cf319f6e40ebb878c1\">\n.avia-animated-number.av-av_animated_numbers-d852b0b2d01a80cf319f6e40ebb878c1 .avia-animated-number-icon.avia-svg-icon svg:first-child{\nfill:#ffffff;\nstroke:#ffffff;\n}\n#top .avia-animated-number.av-av_animated_numbers-d852b0b2d01a80cf319f6e40ebb878c1 .avia-animated-number-title{\nfont-size:50px;\ncolor:#ffffff;\n}\n#top .avia-animated-number.av-av_animated_numbers-d852b0b2d01a80cf319f6e40ebb878c1 .avia-animated-number-content{\nfont-size:22px;\n}\n<\/style>\n<div  class=\"avia-animated-number av-av_animated_numbers-d852b0b2d01a80cf319f6e40ebb878c1 av-force-default-color avia_animate_when_visible  avia-builder-el-17  avia-builder-el-no-sibling  avia-color-font-custom \" data-timer=\"3000\"><strong class=\"heading avia-animated-number-title\"><span class=\"avia-single-number __av-single-number\" data-number_format=\"\" data-number=\"50\" data-start_from=\"0\">50<\/span><span class=\"avia-no-number\">,<\/span><span class=\"avia-single-number __av-single-number\" data-number_format=\"\" data-number=\"000\" data-start_from=\"0\">000<\/span><span class=\"avia-no-number\">+Avalia\u00e7\u00f5es<\/span><\/strong><div class=\"avia-animated-number-content\"><p>Completado em todo o mundo a cada m\u00eas<\/p>\n<\/div><\/div>\n<\/div><\/div><\/div>\n","protected":false},"excerpt":{"rendered":"","protected":false},"author":5,"featured_media":0,"parent":0,"menu_order":0,"comment_status":"closed","ping_status":"closed","template":"","meta":{"footnotes":""},"class_list":["post-15455","page","type-page","status-publish","hentry"],"yoast_head":"<!-- This site is optimized with the Yoast SEO plugin v27.3 - https:\/\/yoast.com\/product\/yoast-seo-wordpress\/ -->\n<title>Solicitar um or\u00e7amento: BARE International Europe<\/title>\n<meta name=\"description\" content=\"Seu neg\u00f3cio \u00e9 \u00fanico e assim s\u00e3o nossas solu\u00e7\u00f5es. Solicitar um or\u00e7amento da BARE feitos sob encomenda para endere\u00e7ar seus desafios mais urgentes.\" \/>\n<meta name=\"robots\" content=\"index, follow, max-snippet:-1, max-image-preview:large, max-video-preview:-1\" \/>\n<link rel=\"canonical\" href=\"https:\/\/www.bareinternational.eu\/pt-pt\/solicitar-um-orcamento\/\" \/>\n<meta property=\"og:locale\" content=\"pt_PT\" \/>\n<meta property=\"og:type\" content=\"article\" \/>\n<meta property=\"og:title\" content=\"Solicitar um or\u00e7amento: BARE International Europe\" \/>\n<meta property=\"og:description\" content=\"Seu neg\u00f3cio \u00e9 \u00fanico e assim s\u00e3o nossas solu\u00e7\u00f5es. Solicitar um or\u00e7amento da BARE feitos sob encomenda para endere\u00e7ar seus desafios mais urgentes.\" \/>\n<meta property=\"og:url\" content=\"https:\/\/www.bareinternational.eu\/pt-pt\/solicitar-um-orcamento\/\" \/>\n<meta property=\"og:site_name\" content=\"BARE International Europe\" \/>\n<meta property=\"article:modified_time\" content=\"2019-11-05T16:16:08+00:00\" \/>\n<meta name=\"twitter:card\" content=\"summary_large_image\" \/>\n<meta name=\"twitter:label1\" content=\"Tempo estimado de leitura\" \/>\n\t<meta name=\"twitter:data1\" content=\"4 minutos\" \/>\n<script type=\"application\/ld+json\" class=\"yoast-schema-graph\">{\"@context\":\"https:\\\/\\\/schema.org\",\"@graph\":[{\"@type\":\"WebPage\",\"@id\":\"https:\\\/\\\/www.bareinternational.eu\\\/pt-pt\\\/solicitar-um-orcamento\\\/\",\"url\":\"https:\\\/\\\/www.bareinternational.eu\\\/pt-pt\\\/solicitar-um-orcamento\\\/\",\"name\":\"Solicitar um or\u00e7amento: BARE International Europe\",\"isPartOf\":{\"@id\":\"https:\\\/\\\/www.bareinternational.eu\\\/es\\\/#website\"},\"datePublished\":\"2017-05-13T04:22:39+00:00\",\"dateModified\":\"2019-11-05T16:16:08+00:00\",\"description\":\"Seu neg\u00f3cio \u00e9 \u00fanico e assim s\u00e3o nossas solu\u00e7\u00f5es. Solicitar um or\u00e7amento da BARE feitos sob encomenda para endere\u00e7ar seus desafios mais urgentes.\",\"breadcrumb\":{\"@id\":\"https:\\\/\\\/www.bareinternational.eu\\\/pt-pt\\\/solicitar-um-orcamento\\\/#breadcrumb\"},\"inLanguage\":\"pt-PT\",\"potentialAction\":[{\"@type\":\"ReadAction\",\"target\":[\"https:\\\/\\\/www.bareinternational.eu\\\/pt-pt\\\/solicitar-um-orcamento\\\/\"]}]},{\"@type\":\"BreadcrumbList\",\"@id\":\"https:\\\/\\\/www.bareinternational.eu\\\/pt-pt\\\/solicitar-um-orcamento\\\/#breadcrumb\",\"itemListElement\":[{\"@type\":\"ListItem\",\"position\":1,\"name\":\"Home\",\"item\":\"https:\\\/\\\/www.bareinternational.eu\\\/pt-pt\\\/home\\\/\"},{\"@type\":\"ListItem\",\"position\":2,\"name\":\"Solicitar um or\u00e7amento\"}]},{\"@type\":\"WebSite\",\"@id\":\"https:\\\/\\\/www.bareinternational.eu\\\/es\\\/#website\",\"url\":\"https:\\\/\\\/www.bareinternational.eu\\\/es\\\/\",\"name\":\"BARE International Europe\",\"description\":\"Discover the path to experience excellence.\",\"publisher\":{\"@id\":\"https:\\\/\\\/www.bareinternational.eu\\\/es\\\/#organization\"},\"potentialAction\":[{\"@type\":\"SearchAction\",\"target\":{\"@type\":\"EntryPoint\",\"urlTemplate\":\"https:\\\/\\\/www.bareinternational.eu\\\/es\\\/?s={search_term_string}\"},\"query-input\":{\"@type\":\"PropertyValueSpecification\",\"valueRequired\":true,\"valueName\":\"search_term_string\"}}],\"inLanguage\":\"pt-PT\"},{\"@type\":\"Organization\",\"@id\":\"https:\\\/\\\/www.bareinternational.eu\\\/es\\\/#organization\",\"name\":\"BARE International\",\"url\":\"https:\\\/\\\/www.bareinternational.eu\\\/es\\\/\",\"logo\":{\"@type\":\"ImageObject\",\"inLanguage\":\"pt-PT\",\"@id\":\"https:\\\/\\\/www.bareinternational.eu\\\/es\\\/#\\\/schema\\\/logo\\\/image\\\/\",\"url\":\"https:\\\/\\\/www.bareinternational.eu\\\/wp-content\\\/uploads\\\/sites\\\/6\\\/2022\\\/07\\\/BARE-Logo-WP-2022.png\",\"contentUrl\":\"https:\\\/\\\/www.bareinternational.eu\\\/wp-content\\\/uploads\\\/sites\\\/6\\\/2022\\\/07\\\/BARE-Logo-WP-2022.png\",\"width\":340,\"height\":135,\"caption\":\"BARE International\"},\"image\":{\"@id\":\"https:\\\/\\\/www.bareinternational.eu\\\/es\\\/#\\\/schema\\\/logo\\\/image\\\/\"}}]}<\/script>\n<!-- \/ Yoast SEO plugin. -->","yoast_head_json":{"title":"Solicitar um or\u00e7amento: BARE International Europe","description":"Seu neg\u00f3cio \u00e9 \u00fanico e assim s\u00e3o nossas solu\u00e7\u00f5es. Solicitar um or\u00e7amento da BARE feitos sob encomenda para endere\u00e7ar seus desafios mais urgentes.","robots":{"index":"index","follow":"follow","max-snippet":"max-snippet:-1","max-image-preview":"max-image-preview:large","max-video-preview":"max-video-preview:-1"},"canonical":"https:\/\/www.bareinternational.eu\/pt-pt\/solicitar-um-orcamento\/","og_locale":"pt_PT","og_type":"article","og_title":"Solicitar um or\u00e7amento: BARE International Europe","og_description":"Seu neg\u00f3cio \u00e9 \u00fanico e assim s\u00e3o nossas solu\u00e7\u00f5es. Solicitar um or\u00e7amento da BARE feitos sob encomenda para endere\u00e7ar seus desafios mais urgentes.","og_url":"https:\/\/www.bareinternational.eu\/pt-pt\/solicitar-um-orcamento\/","og_site_name":"BARE International Europe","article_modified_time":"2019-11-05T16:16:08+00:00","twitter_card":"summary_large_image","twitter_misc":{"Tempo estimado de leitura":"4 minutos"},"schema":{"@context":"https:\/\/schema.org","@graph":[{"@type":"WebPage","@id":"https:\/\/www.bareinternational.eu\/pt-pt\/solicitar-um-orcamento\/","url":"https:\/\/www.bareinternational.eu\/pt-pt\/solicitar-um-orcamento\/","name":"Solicitar um or\u00e7amento: BARE International Europe","isPartOf":{"@id":"https:\/\/www.bareinternational.eu\/es\/#website"},"datePublished":"2017-05-13T04:22:39+00:00","dateModified":"2019-11-05T16:16:08+00:00","description":"Seu neg\u00f3cio \u00e9 \u00fanico e assim s\u00e3o nossas solu\u00e7\u00f5es. Solicitar um or\u00e7amento da BARE feitos sob encomenda para endere\u00e7ar seus desafios mais urgentes.","breadcrumb":{"@id":"https:\/\/www.bareinternational.eu\/pt-pt\/solicitar-um-orcamento\/#breadcrumb"},"inLanguage":"pt-PT","potentialAction":[{"@type":"ReadAction","target":["https:\/\/www.bareinternational.eu\/pt-pt\/solicitar-um-orcamento\/"]}]},{"@type":"BreadcrumbList","@id":"https:\/\/www.bareinternational.eu\/pt-pt\/solicitar-um-orcamento\/#breadcrumb","itemListElement":[{"@type":"ListItem","position":1,"name":"Home","item":"https:\/\/www.bareinternational.eu\/pt-pt\/home\/"},{"@type":"ListItem","position":2,"name":"Solicitar um or\u00e7amento"}]},{"@type":"WebSite","@id":"https:\/\/www.bareinternational.eu\/es\/#website","url":"https:\/\/www.bareinternational.eu\/es\/","name":"BARE International Europe","description":"Discover the path to experience excellence.","publisher":{"@id":"https:\/\/www.bareinternational.eu\/es\/#organization"},"potentialAction":[{"@type":"SearchAction","target":{"@type":"EntryPoint","urlTemplate":"https:\/\/www.bareinternational.eu\/es\/?s={search_term_string}"},"query-input":{"@type":"PropertyValueSpecification","valueRequired":true,"valueName":"search_term_string"}}],"inLanguage":"pt-PT"},{"@type":"Organization","@id":"https:\/\/www.bareinternational.eu\/es\/#organization","name":"BARE International","url":"https:\/\/www.bareinternational.eu\/es\/","logo":{"@type":"ImageObject","inLanguage":"pt-PT","@id":"https:\/\/www.bareinternational.eu\/es\/#\/schema\/logo\/image\/","url":"https:\/\/www.bareinternational.eu\/wp-content\/uploads\/sites\/6\/2022\/07\/BARE-Logo-WP-2022.png","contentUrl":"https:\/\/www.bareinternational.eu\/wp-content\/uploads\/sites\/6\/2022\/07\/BARE-Logo-WP-2022.png","width":340,"height":135,"caption":"BARE International"},"image":{"@id":"https:\/\/www.bareinternational.eu\/es\/#\/schema\/logo\/image\/"}}]}},"_links":{"self":[{"href":"https:\/\/www.bareinternational.eu\/pt-pt\/wp-json\/wp\/v2\/pages\/15455","targetHints":{"allow":["GET"]}}],"collection":[{"href":"https:\/\/www.bareinternational.eu\/pt-pt\/wp-json\/wp\/v2\/pages"}],"about":[{"href":"https:\/\/www.bareinternational.eu\/pt-pt\/wp-json\/wp\/v2\/types\/page"}],"author":[{"embeddable":true,"href":"https:\/\/www.bareinternational.eu\/pt-pt\/wp-json\/wp\/v2\/users\/5"}],"replies":[{"embeddable":true,"href":"https:\/\/www.bareinternational.eu\/pt-pt\/wp-json\/wp\/v2\/comments?post=15455"}],"version-history":[{"count":0,"href":"https:\/\/www.bareinternational.eu\/pt-pt\/wp-json\/wp\/v2\/pages\/15455\/revisions"}],"wp:attachment":[{"href":"https:\/\/www.bareinternational.eu\/pt-pt\/wp-json\/wp\/v2\/media?parent=15455"}],"curies":[{"name":"wp","href":"https:\/\/api.w.org\/{rel}","templated":true}]}}