{"id":31418,"date":"2025-08-07T17:52:41","date_gmt":"2025-08-07T16:52:41","guid":{"rendered":"https:\/\/www.bareinternational.eu\/client-login-portal\/"},"modified":"2025-08-29T06:22:51","modified_gmt":"2025-08-29T05:22:51","slug":"login-client","status":"publish","type":"page","link":"https:\/\/www.bareinternational.eu\/fr\/login-client\/","title":{"rendered":"Login Client"},"content":{"rendered":"<div class='clear'><\/div><div id='sub_menu1'  class='av-submenu-container av-wvhy42d-3ee1e0577a05db0eee28fd6422394801 main_color  avia-builder-el-0  el_before_av_section  avia-builder-el-first  av-sticky-submenu container_wrap sidebar_right' style='z-index:301' ><div class='container av-menu-mobile-disabled av-submenu-pos-center'><ul id='av-custom-submenu-1' class='av-subnav-menu' role='menu'>\n<li class='menu-item av-whw2nit-50ee4806a8c3f58aa25aab6ff3a6c66c menu-item-top-level menu-item-top-level-1' role='menuitem'><a href='\/fr\/login-client\/#apollo'  ><span class='avia-bullet'><\/span><span class='avia-menu-text'>Apollo Login<\/span><\/a><\/li>\n<li class='menu-item av-w09iuz9-8f7d9f5b990f777826dda05681156533 menu-item-top-level menu-item-top-level-2' role='menuitem'><a href='\/fr\/login-client\/#shopmetrics'  ><span class='avia-bullet'><\/span><span class='avia-menu-text'>Shopmetrics Login<\/span><\/a><\/li>\n<\/ul><\/div><\/div><div class='sticky_placeholder'><\/div>\n<div id='about-us'  class='avia-section av-vjyhgid-0c00ef8d3fb63ba1aacdb4aa378de814 main_color avia-section-large avia-no-border-styling  avia-builder-el-1  el_after_av_submenu  el_before_av_layout_row  avia-bg-style-scroll container_wrap sidebar_right'  ><div class='container av-section-cont-open' ><div class='template-page content  av-content-small alpha units'><div class='post-entry post-entry-type-page post-entry-31418'><div class='entry-content-wrapper clearfix'>\n\n<style type=\"text\/css\" data-created_by=\"avia_inline_auto\" id=\"style-css-av-ux0rdmd-09877eeb98f41bceafb002594ae62f56\">\n#top .av-special-heading.av-ux0rdmd-09877eeb98f41bceafb002594ae62f56{\npadding-bottom:30px;\nfont-size:70px;\n}\nbody .av-special-heading.av-ux0rdmd-09877eeb98f41bceafb002594ae62f56 .av-special-heading-tag .heading-char{\nfont-size:25px;\n}\n#top #wrap_all .av-special-heading.av-ux0rdmd-09877eeb98f41bceafb002594ae62f56 .av-special-heading-tag{\nfont-size:70px;\n}\n.av-special-heading.av-ux0rdmd-09877eeb98f41bceafb002594ae62f56 .av-subheading{\nfont-size:15px;\n}\n\n@media only screen and (min-width: 480px) and (max-width: 767px){ \n#top #wrap_all .av-special-heading.av-ux0rdmd-09877eeb98f41bceafb002594ae62f56 .av-special-heading-tag{\nfont-size:0.8em;\n}\n}\n\n@media only screen and (max-width: 479px){ \n#top #wrap_all .av-special-heading.av-ux0rdmd-09877eeb98f41bceafb002594ae62f56 .av-special-heading-tag{\nfont-size:0.8em;\n}\n}\n<\/style>\n<div  class='av-special-heading av-ux0rdmd-09877eeb98f41bceafb002594ae62f56 av-special-heading-h1 blockquote modern-quote  avia-builder-el-2  el_before_av_textblock  avia-builder-el-first  av-thin-font av-inherit-size'><h1 class='av-special-heading-tag '  itemprop=\"headline\"  >Login Client<strong>.<\/strong><\/h1><div class=\"special-heading-border\"><div class=\"special-heading-inner-border\"><\/div><\/div><\/div>\n<section  id=\"becomeanevaluator\"  class='av_textblock_section av-unqxmqd-24b5d214085e29d92d517a3a267f91a9 '   itemscope=\"itemscope\" itemtype=\"https:\/\/schema.org\/CreativeWork\" ><div class='avia_textblock'  itemprop=\"text\" ><p data-start=\"118\" data-end=\"292\">BARE International propose deux portails de connexion client distincts. Chaque plateforme prend en charge diff\u00e9rents types de programmes\u00a0; il est donc important d&rsquo;utiliser celui qui correspond \u00e0 votre projet.<\/p>\n<h3 data-start=\"294\" data-end=\"612\"><strong data-start=\"297\" data-end=\"319\">Apollo<\/strong><\/h3>\n<p data-start=\"294\" data-end=\"612\">Utilis\u00e9 principalement pour les programmes de longue date et les comptes initialement cr\u00e9\u00e9s sur la plateforme Apollo. Si vos rapports proviennent traditionnellement d&rsquo;Apollo, ce portail est probablement celui qu&rsquo;il vous faut.<\/p>\n<h3 data-start=\"614\" data-end=\"991\"><strong data-start=\"617\" data-end=\"632\">Shopmetrics<\/strong><\/h3>\n<p data-start=\"614\" data-end=\"991\">Con\u00e7u pour les programmes plus r\u00e9cents et les environnements de reporting am\u00e9lior\u00e9s, ce portail offre une interface moderne et personnalisable ainsi que des fonctionnalit\u00e9s \u00e9tendues. Si votre programme a \u00e9t\u00e9 r\u00e9cemment lanc\u00e9 ou migr\u00e9, vous utilisez probablement Shopmetrics.<\/p>\n<h3 data-start=\"998\" data-end=\"1165\"><strong data-start=\"998\" data-end=\"1028\">Vous h\u00e9sitez\u00a0?<\/strong><\/h3>\n<p data-start=\"998\" data-end=\"1165\">Pas de souci\u00a0: contactez votre point de contact BARE International (POC) et nous vous confirmerons la plateforme adapt\u00e9e \u00e0 votre programme.<\/p>\n<\/div><\/section>\n<div  class='hr av-2zpxfpx-399f6216344070d47b28ca0f77abfe5a hr-full  avia-builder-el-4  el_after_av_textblock  el_before_av_two_third  hr-no-shadow'><span class='hr-inner '><span class=\"hr-inner-style\"><\/span><\/span><\/div>\n\n<style type=\"text\/css\" data-created_by=\"avia_inline_auto\" id=\"style-css-av-tk75mol-02a7c3f4291529a0c6545468eb10ee91\">\n.flex_column.av-tk75mol-02a7c3f4291529a0c6545468eb10ee91{\nborder-radius:0px 0px 0px 0px;\npadding:0px 0px 0px 0px;\n}\n<\/style>\n<div  id=\"apollo\"  class='flex_column av-tk75mol-02a7c3f4291529a0c6545468eb10ee91 av_two_third  avia-builder-el-5  el_after_av_hr  el_before_av_hr  first flex_column_div av-zero-column-padding  '     ><section  class='av_textblock_section av-t5rc2et-a99c777e2bb401c02933c7289befa2b7 '   itemscope=\"itemscope\" itemtype=\"https:\/\/schema.org\/CreativeWork\" ><div class='avia_textblock'  itemprop=\"text\" ><h2>Apollo Login<\/h2>\n<\/div><\/section><br \/>\n<div  class='avia-button-wrap av-spq4bf9-43baa6ecd13492f6a0303a7803787f19-wrap avia-button-left  avia-builder-el-7  el_after_av_textblock  avia-builder-el-last '><a href='https:\/\/www.apollo.bareinternational.com\/clients\/LoginClient.norm.php?_gl=1*zwe51*_ga*OTc3MTE5NjMxLjE3NDk2NjM4NzU.*_ga_GE3VY2131M*czE3NDk2NjM4NzUkbzEkZzAkdDE3NDk2NjM4ODYkajYwJGwwJGgw*_gcl_au*MTY4ODUxMDEwLjE3NDk2NjM4Nzg.'  class='avia-button av-spq4bf9-43baa6ecd13492f6a0303a7803787f19 av-link-btn avia-icon_select-no avia-size-large avia-position-left av-icon-on-hover avia-color-theme-color'  target=\"_blank\"  rel=\"noopener noreferrer\"  aria-label=\"APOLLO LOGIN\"><span class='avia_iconbox_title' >APOLLO LOGIN<\/span><\/a><\/div><\/p><\/div><div  class='hr av-s3mthjp-a20db6a6a731c68f1777703d13e75539 hr-full  avia-builder-el-8  el_after_av_two_third  el_before_av_one_full  hr-no-shadow'><span class='hr-inner '><span class=\"hr-inner-style\"><\/span><\/span><\/div>\n\n<style type=\"text\/css\" data-created_by=\"avia_inline_auto\" id=\"style-css-av-9z11w5-83b22d90f95c45562a4e0bf10cdb387d\">\n.flex_column.av-9z11w5-83b22d90f95c45562a4e0bf10cdb387d{\nborder-radius:0px 0px 0px 0px;\npadding:0px 0px 0px 0px;\n}\n<\/style>\n<div  id=\"shopmetrics\"  class='flex_column av-9z11w5-83b22d90f95c45562a4e0bf10cdb387d av_one_full  avia-builder-el-9  el_after_av_hr  avia-builder-el-last  first flex_column_div av-zero-column-padding  '     ><section  class='av_textblock_section av-ri81psl-a8a784cddce96f7e37de3e06fc6d3cca '   itemscope=\"itemscope\" itemtype=\"https:\/\/schema.org\/CreativeWork\" ><div class='avia_textblock'  itemprop=\"text\" ><h2>Shopmetrics Login<\/h2>\n<\/div><\/section><br \/>\n<div  class='avia-table av-qycxz3p-5baec204aa6a22edf9f7956edd8a0e75 main_color avia-pricing-table-container avia_show_empty_cells avia_pricing_default  avia-builder-el-11  el_after_av_textblock  avia-builder-el-last  avia-table-1'  itemscope=\"itemscope\" itemtype=\"https:\/\/schema.org\/Table\" ><div class=\"pricing-table-wrap\"><ul class='pricing-table '><li class=''><div class='first-table-item'><\/p>\n<h3 data-start=\"294\" data-end=\"612\"><strong data-start=\"297\" data-end=\"319\">Americas<\/strong><\/h3>\n<p>North, Central, and South<\/div><span class='pricing-extra'><\/span><\/li><li class=''>North America<a style=\"color: #ef4123; text-decoration: underline;\" href=\"https:\/\/na.bareinternational.com\/auth\/index.asp#login\"><br \/>\nna.bareinternational.com<\/a><\/li><li class=''>Brazil<a style=\"color: #ef4123; text-decoration: underline;\" href=\"https:\/\/br.bareinternational.com\/auth\/index.asp#login\"><br \/>\nbr.bareinternational.com<br \/>\n<\/a><\/li><li class=''>LATAM <a style=\"color: #ef4123; text-decoration: underline;\" href=\"https:\/\/latam.bareinternational.com\/auth\/index.asp#login\"><br \/>\nlatam.bareinternational.com<br \/>\n<\/a><\/li><\/ul><\/div><div class=\"pricing-table-wrap\"><ul class='pricing-table '><li class=''><div class='first-table-item'><\/p>\n<h3 data-start=\"294\" data-end=\"612\"><strong data-start=\"297\" data-end=\"319\">EMEA<\/strong><\/h3>\n<p>Europe, Middle East, and Africa<\/div><span class='pricing-extra'><\/span><\/li><li class=''>Europe<a style=\"color: #ef4123; text-decoration: underline;\" href=\"https:\/\/eu.bareinternational.com\/auth\/index.asp#login\"><br \/>\neu.bareinternational.com<br \/>\n<\/a><\/li><li class=''>Middle East <a style=\"color: #ef4123; text-decoration: underline;\" href=\"https:\/\/me.bareinternational.com\/auth\/index.asp#login\"><br \/>\nme.bareinternational.com<br \/>\n<\/a><\/li><li class=' empty-table-cell'><span class='fallback-table-val'>LATAM <a style=\"color: #ef4123; text-decoration: underline;\" href=\"https:\/\/latam.bareinternational.com\/auth\/index.asp#login\"><br \/>\nlatam.bareinternational.com<br \/>\n<\/a><\/span><\/li><\/ul><\/div><div class=\"pricing-table-wrap\"><ul class='pricing-table '><li class=''><div class='first-table-item'><\/p>\n<h3 data-start=\"294\" data-end=\"612\"><strong data-start=\"297\" data-end=\"319\">APAC<\/strong><\/h3>\n<p>East Asia, South Asia, Southeast Asia, and Oceania<\/div><span class='pricing-extra'><\/span><\/li><li class=''>China (Coming soon!) <a style=\"color: #ef4123; text-decoration: underline;\" href=\"https:\/\/cn.bareinternational.com\/auth\/index.asp#login\"><br \/>\ncn.bareinternational.com<br \/>\n<\/a><\/li><li class=''>India <a style=\"color: #ef4123; text-decoration: underline;\" href=\"https:\/\/in.bareinternational.com\/auth\/index.asp#login\"><br \/>\nin.bareinternational.com<br \/>\n<\/a><\/li><li class=''>Singapore <a style=\"color: #ef4123; text-decoration: underline;\" href=\"https:\/\/sg.bareinternational.com\/auth\/index.asp#login\"><br \/>\nsg.bareinternational.com<br \/>\n<\/a><\/li><\/ul><\/div><\/div><\/p><\/div>\n\n<\/div><\/div><\/div><!-- close content main div --><\/div><\/div><div id='av-layout-grid-1'  class='av-layout-grid-container av-av_layout_row-195b5636aea00e16530a0ab721000c2e entry-content-wrapper main_color av-flex-cells  avia-builder-el-12  el_after_av_section  avia-builder-el-last  grid-row-not-first  container_wrap sidebar_right'  >\n\n<style type=\"text\/css\" data-created_by=\"avia_inline_auto\" id=\"style-css-av-av_cell_one_third-9eac94b6f3abfc7f97863e7208623522\">\n.flex_cell.av-av_cell_one_third-9eac94b6f3abfc7f97863e7208623522{\nvertical-align:middle;\nheight:400px;\nmin-height:400px;\nbackground-color:#da291c;\n}\n.responsive #top #wrap_all .flex_cell.av-av_cell_one_third-9eac94b6f3abfc7f97863e7208623522{\npadding:50px 50px 50px 50px !important;\n}\n<\/style>\n<div class='flex_cell av-av_cell_one_third-9eac94b6f3abfc7f97863e7208623522 av-gridrow-cell av_one_third no_margin  avia-builder-el-13  el_before_av_cell_one_third  avia-builder-el-first  content-align-middle avia-full-stretch'  ><div class='flex_cell_inner'>\n<style type=\"text\/css\" data-created_by=\"avia_inline_auto\" id=\"style-css-av-av_animated_numbers-4ea27a16735e62c84ef228cec6e04062\">\n.avia-animated-number.av-av_animated_numbers-4ea27a16735e62c84ef228cec6e04062 .avia-animated-number-icon.avia-svg-icon svg:first-child{\nfill:#ffffff;\nstroke:#ffffff;\n}\n#top .avia-animated-number.av-av_animated_numbers-4ea27a16735e62c84ef228cec6e04062 .avia-animated-number-title{\nfont-size:50px;\ncolor:#ffffff;\n}\n#top .avia-animated-number.av-av_animated_numbers-4ea27a16735e62c84ef228cec6e04062 .avia-animated-number-content{\nfont-size:22px;\ncolor:#444444;\n}\n<\/style>\n<div  class=\"avia-animated-number av-av_animated_numbers-4ea27a16735e62c84ef228cec6e04062 av-force-default-color avia_animate_when_visible  avia-builder-el-14  avia-builder-el-no-sibling  avia-color-font-custom \" data-timer=\"3000\"><strong class=\"heading avia-animated-number-title\"><span class=\"avia-single-number __av-single-number\" data-number_format=\"\" data-number=\"250\" data-start_from=\"0\">250<\/span><span class=\"avia-no-number\">,<\/span><span class=\"avia-single-number __av-single-number\" data-number_format=\"\" data-number=\"000\" data-start_from=\"0\">000<\/span><span class=\"avia-no-number\">+ Evaluations<\/span><\/strong><div class=\"avia-animated-number-content\"><p>compl\u00e9t\u00e9es chaque ann\u00e9e dans le monde<\/p>\n<\/div><\/div>\n<\/div><\/div>\n<style type=\"text\/css\" data-created_by=\"avia_inline_auto\" id=\"style-css-av-av_cell_one_third-fa32efd4007e26c1452e7def0edf5a04\">\n.flex_cell.av-av_cell_one_third-fa32efd4007e26c1452e7def0edf5a04{\nvertical-align:middle;\nheight:400px;\nmin-height:400px;\nbackground-color:#ff9e1b;\n}\n.responsive #top #wrap_all .flex_cell.av-av_cell_one_third-fa32efd4007e26c1452e7def0edf5a04{\npadding:50px 50px 50px 50px !important;\n}\n<\/style>\n<div class='flex_cell av-av_cell_one_third-fa32efd4007e26c1452e7def0edf5a04 av-gridrow-cell av_one_third no_margin  avia-builder-el-15  el_after_av_cell_one_third  el_before_av_cell_one_third  content-align-middle avia-full-stretch'  ><div class='flex_cell_inner'>\n<style type=\"text\/css\" data-created_by=\"avia_inline_auto\" id=\"style-css-av-av_animated_numbers-b01f98f6a03d931ea1cf53382c5f2379\">\n.avia-animated-number.av-av_animated_numbers-b01f98f6a03d931ea1cf53382c5f2379 .avia-animated-number-icon.avia-svg-icon svg:first-child{\nfill:#ffffff;\nstroke:#ffffff;\n}\n#top .avia-animated-number.av-av_animated_numbers-b01f98f6a03d931ea1cf53382c5f2379 .avia-animated-number-title{\nfont-size:50px;\ncolor:#ffffff;\n}\n#top .avia-animated-number.av-av_animated_numbers-b01f98f6a03d931ea1cf53382c5f2379 .avia-animated-number-content{\nfont-size:22px;\ncolor:#444444;\n}\n<\/style>\n<div  class=\"avia-animated-number av-av_animated_numbers-b01f98f6a03d931ea1cf53382c5f2379 av-force-default-color avia_animate_when_visible  avia-builder-el-16  avia-builder-el-no-sibling  avia-color-font-custom \" data-timer=\"3000\"><strong class=\"heading avia-animated-number-title\"><span class=\"avia-single-number __av-single-number\" data-number_format=\"\" data-number=\"13\" data-start_from=\"0\">13<\/span><span class=\"avia-no-number\">Bureaux<\/span><\/strong><div class=\"avia-animated-number-content\"><p>dans le monde<\/p>\n<\/div><\/div>\n<\/div><\/div>\n<style type=\"text\/css\" data-created_by=\"avia_inline_auto\" id=\"style-css-av-av_cell_one_third-d188d1eb5569cd6c36fa59632ea7a0b8\">\n.flex_cell.av-av_cell_one_third-d188d1eb5569cd6c36fa59632ea7a0b8{\nvertical-align:middle;\nheight:400px;\nmin-height:400px;\nbackground-color:#7474c1;\n}\n<\/style>\n<div class='flex_cell av-av_cell_one_third-d188d1eb5569cd6c36fa59632ea7a0b8 av-gridrow-cell av_one_third no_margin  avia-builder-el-17  el_after_av_cell_one_third  avia-builder-el-last  content-align-middle'  ><div class='flex_cell_inner'>\n<style type=\"text\/css\" data-created_by=\"avia_inline_auto\" id=\"style-css-av-av_animated_numbers-2d8f0dad67a6c500f26a44a150b4e58b\">\n.avia-animated-number.av-av_animated_numbers-2d8f0dad67a6c500f26a44a150b4e58b .avia-animated-number-icon.avia-svg-icon svg:first-child{\nfill:#ffffff;\nstroke:#ffffff;\n}\n#top .avia-animated-number.av-av_animated_numbers-2d8f0dad67a6c500f26a44a150b4e58b .avia-animated-number-title{\nfont-size:50px;\ncolor:#ffffff;\n}\n#top .avia-animated-number.av-av_animated_numbers-2d8f0dad67a6c500f26a44a150b4e58b .avia-animated-number-content{\nfont-size:22px;\ncolor:#444444;\n}\n<\/style>\n<div  class=\"avia-animated-number av-av_animated_numbers-2d8f0dad67a6c500f26a44a150b4e58b av-force-default-color avia_animate_when_visible  avia-builder-el-18  avia-builder-el-no-sibling  avia-color-font-custom \" data-timer=\"3000\"><strong class=\"heading avia-animated-number-title\"><span class=\"avia-single-number __av-single-number\" data-number_format=\"\" data-number=\"165\" data-start_from=\"0\">165<\/span><span class=\"avia-no-number\">Pays<\/span><\/strong><div class=\"avia-animated-number-content\"><p>dans le r\u00e9seau BARE<\/p>\n<\/div><\/div>\n<\/div><\/div>\n<\/div>\n","protected":false},"excerpt":{"rendered":"","protected":false},"author":5,"featured_media":0,"parent":0,"menu_order":0,"comment_status":"closed","ping_status":"closed","template":"","meta":{"footnotes":""},"class_list":["post-31418","page","type-page","status-publish","hentry"],"yoast_head":"<!-- This site is optimized with the Yoast SEO plugin v27.3 - https:\/\/yoast.com\/product\/yoast-seo-wordpress\/ -->\n<title>Login Client - BARE International Europe<\/title>\n<meta name=\"robots\" content=\"index, follow, max-snippet:-1, max-image-preview:large, max-video-preview:-1\" \/>\n<link rel=\"canonical\" href=\"https:\/\/www.bareinternational.eu\/fr\/login-client\/\" \/>\n<meta property=\"og:locale\" content=\"fr_FR\" \/>\n<meta property=\"og:type\" content=\"article\" \/>\n<meta property=\"og:title\" content=\"Login Client - BARE International Europe\" \/>\n<meta property=\"og:url\" content=\"https:\/\/www.bareinternational.eu\/fr\/login-client\/\" \/>\n<meta property=\"og:site_name\" content=\"BARE International Europe\" \/>\n<meta property=\"article:modified_time\" content=\"2025-08-29T05:22:51+00:00\" \/>\n<meta name=\"twitter:card\" content=\"summary_large_image\" \/>\n<meta name=\"twitter:label1\" content=\"Dur\u00e9e de lecture estim\u00e9e\" \/>\n\t<meta name=\"twitter:data1\" content=\"1 minute\" \/>\n<script type=\"application\/ld+json\" class=\"yoast-schema-graph\">{\"@context\":\"https:\\\/\\\/schema.org\",\"@graph\":[{\"@type\":\"WebPage\",\"@id\":\"https:\\\/\\\/www.bareinternational.eu\\\/fr\\\/login-client\\\/\",\"url\":\"https:\\\/\\\/www.bareinternational.eu\\\/fr\\\/login-client\\\/\",\"name\":\"Login Client - BARE International Europe\",\"isPartOf\":{\"@id\":\"https:\\\/\\\/www.bareinternational.eu\\\/es\\\/#website\"},\"datePublished\":\"2025-08-07T16:52:41+00:00\",\"dateModified\":\"2025-08-29T05:22:51+00:00\",\"breadcrumb\":{\"@id\":\"https:\\\/\\\/www.bareinternational.eu\\\/fr\\\/login-client\\\/#breadcrumb\"},\"inLanguage\":\"fr-FR\",\"potentialAction\":[{\"@type\":\"ReadAction\",\"target\":[\"https:\\\/\\\/www.bareinternational.eu\\\/fr\\\/login-client\\\/\"]}]},{\"@type\":\"BreadcrumbList\",\"@id\":\"https:\\\/\\\/www.bareinternational.eu\\\/fr\\\/login-client\\\/#breadcrumb\",\"itemListElement\":[{\"@type\":\"ListItem\",\"position\":1,\"name\":\"Home\",\"item\":\"https:\\\/\\\/www.bareinternational.eu\\\/fr\\\/home\\\/\"},{\"@type\":\"ListItem\",\"position\":2,\"name\":\"Login Client\"}]},{\"@type\":\"WebSite\",\"@id\":\"https:\\\/\\\/www.bareinternational.eu\\\/es\\\/#website\",\"url\":\"https:\\\/\\\/www.bareinternational.eu\\\/es\\\/\",\"name\":\"BARE International Europe\",\"description\":\"Discover the path to experience excellence.\",\"publisher\":{\"@id\":\"https:\\\/\\\/www.bareinternational.eu\\\/es\\\/#organization\"},\"potentialAction\":[{\"@type\":\"SearchAction\",\"target\":{\"@type\":\"EntryPoint\",\"urlTemplate\":\"https:\\\/\\\/www.bareinternational.eu\\\/es\\\/?s={search_term_string}\"},\"query-input\":{\"@type\":\"PropertyValueSpecification\",\"valueRequired\":true,\"valueName\":\"search_term_string\"}}],\"inLanguage\":\"fr-FR\"},{\"@type\":\"Organization\",\"@id\":\"https:\\\/\\\/www.bareinternational.eu\\\/es\\\/#organization\",\"name\":\"BARE International\",\"url\":\"https:\\\/\\\/www.bareinternational.eu\\\/es\\\/\",\"logo\":{\"@type\":\"ImageObject\",\"inLanguage\":\"fr-FR\",\"@id\":\"https:\\\/\\\/www.bareinternational.eu\\\/es\\\/#\\\/schema\\\/logo\\\/image\\\/\",\"url\":\"https:\\\/\\\/www.bareinternational.eu\\\/wp-content\\\/uploads\\\/sites\\\/6\\\/2022\\\/07\\\/BARE-Logo-WP-2022.png\",\"contentUrl\":\"https:\\\/\\\/www.bareinternational.eu\\\/wp-content\\\/uploads\\\/sites\\\/6\\\/2022\\\/07\\\/BARE-Logo-WP-2022.png\",\"width\":340,\"height\":135,\"caption\":\"BARE International\"},\"image\":{\"@id\":\"https:\\\/\\\/www.bareinternational.eu\\\/es\\\/#\\\/schema\\\/logo\\\/image\\\/\"}}]}<\/script>\n<!-- \/ Yoast SEO plugin. -->","yoast_head_json":{"title":"Login Client - BARE International Europe","robots":{"index":"index","follow":"follow","max-snippet":"max-snippet:-1","max-image-preview":"max-image-preview:large","max-video-preview":"max-video-preview:-1"},"canonical":"https:\/\/www.bareinternational.eu\/fr\/login-client\/","og_locale":"fr_FR","og_type":"article","og_title":"Login Client - BARE International Europe","og_url":"https:\/\/www.bareinternational.eu\/fr\/login-client\/","og_site_name":"BARE International Europe","article_modified_time":"2025-08-29T05:22:51+00:00","twitter_card":"summary_large_image","twitter_misc":{"Dur\u00e9e de lecture estim\u00e9e":"1 minute"},"schema":{"@context":"https:\/\/schema.org","@graph":[{"@type":"WebPage","@id":"https:\/\/www.bareinternational.eu\/fr\/login-client\/","url":"https:\/\/www.bareinternational.eu\/fr\/login-client\/","name":"Login Client - BARE International Europe","isPartOf":{"@id":"https:\/\/www.bareinternational.eu\/es\/#website"},"datePublished":"2025-08-07T16:52:41+00:00","dateModified":"2025-08-29T05:22:51+00:00","breadcrumb":{"@id":"https:\/\/www.bareinternational.eu\/fr\/login-client\/#breadcrumb"},"inLanguage":"fr-FR","potentialAction":[{"@type":"ReadAction","target":["https:\/\/www.bareinternational.eu\/fr\/login-client\/"]}]},{"@type":"BreadcrumbList","@id":"https:\/\/www.bareinternational.eu\/fr\/login-client\/#breadcrumb","itemListElement":[{"@type":"ListItem","position":1,"name":"Home","item":"https:\/\/www.bareinternational.eu\/fr\/home\/"},{"@type":"ListItem","position":2,"name":"Login Client"}]},{"@type":"WebSite","@id":"https:\/\/www.bareinternational.eu\/es\/#website","url":"https:\/\/www.bareinternational.eu\/es\/","name":"BARE International Europe","description":"Discover the path to experience excellence.","publisher":{"@id":"https:\/\/www.bareinternational.eu\/es\/#organization"},"potentialAction":[{"@type":"SearchAction","target":{"@type":"EntryPoint","urlTemplate":"https:\/\/www.bareinternational.eu\/es\/?s={search_term_string}"},"query-input":{"@type":"PropertyValueSpecification","valueRequired":true,"valueName":"search_term_string"}}],"inLanguage":"fr-FR"},{"@type":"Organization","@id":"https:\/\/www.bareinternational.eu\/es\/#organization","name":"BARE International","url":"https:\/\/www.bareinternational.eu\/es\/","logo":{"@type":"ImageObject","inLanguage":"fr-FR","@id":"https:\/\/www.bareinternational.eu\/es\/#\/schema\/logo\/image\/","url":"https:\/\/www.bareinternational.eu\/wp-content\/uploads\/sites\/6\/2022\/07\/BARE-Logo-WP-2022.png","contentUrl":"https:\/\/www.bareinternational.eu\/wp-content\/uploads\/sites\/6\/2022\/07\/BARE-Logo-WP-2022.png","width":340,"height":135,"caption":"BARE International"},"image":{"@id":"https:\/\/www.bareinternational.eu\/es\/#\/schema\/logo\/image\/"}}]}},"_links":{"self":[{"href":"https:\/\/www.bareinternational.eu\/fr\/wp-json\/wp\/v2\/pages\/31418","targetHints":{"allow":["GET"]}}],"collection":[{"href":"https:\/\/www.bareinternational.eu\/fr\/wp-json\/wp\/v2\/pages"}],"about":[{"href":"https:\/\/www.bareinternational.eu\/fr\/wp-json\/wp\/v2\/types\/page"}],"author":[{"embeddable":true,"href":"https:\/\/www.bareinternational.eu\/fr\/wp-json\/wp\/v2\/users\/5"}],"replies":[{"embeddable":true,"href":"https:\/\/www.bareinternational.eu\/fr\/wp-json\/wp\/v2\/comments?post=31418"}],"version-history":[{"count":0,"href":"https:\/\/www.bareinternational.eu\/fr\/wp-json\/wp\/v2\/pages\/31418\/revisions"}],"wp:attachment":[{"href":"https:\/\/www.bareinternational.eu\/fr\/wp-json\/wp\/v2\/media?parent=31418"}],"curies":[{"name":"wp","href":"https:\/\/api.w.org\/{rel}","templated":true}]}}