{"id":31396,"date":"2025-03-24T04:07:41","date_gmt":"2025-03-24T03:07:41","guid":{"rendered":"https:\/\/www.bareinternational.eu\/evaluator-login\/"},"modified":"2025-08-29T06:26:15","modified_gmt":"2025-08-29T05:26:15","slug":"login-evaluateur","status":"publish","type":"page","link":"https:\/\/www.bareinternational.eu\/fr\/login-evaluateur\/","title":{"rendered":"Login Evaluateur"},"content":{"rendered":"<div id='about-us'  class='avia-section av-70t0yx0-ab0991bafdb0394305eeef8f9824df5a main_color avia-section-large avia-no-border-styling  avia-builder-el-0  el_before_av_layout_row  avia-builder-el-first  avia-bg-style-scroll container_wrap sidebar_right'  ><div class='container av-section-cont-open' ><main  role=\"main\" itemprop=\"mainContentOfPage\"  class='template-page content  av-content-small alpha units'><div class='post-entry post-entry-type-page post-entry-31396'><div class='entry-content-wrapper clearfix'>\n\n<style type=\"text\/css\" data-created_by=\"avia_inline_auto\" id=\"style-css-av-6pkl7ok-70722c7a31d09116cd3e1e7370342a1d\">\n#top .av-special-heading.av-6pkl7ok-70722c7a31d09116cd3e1e7370342a1d{\npadding-bottom:30px;\nfont-size:70px;\n}\nbody .av-special-heading.av-6pkl7ok-70722c7a31d09116cd3e1e7370342a1d .av-special-heading-tag .heading-char{\nfont-size:25px;\n}\n#top #wrap_all .av-special-heading.av-6pkl7ok-70722c7a31d09116cd3e1e7370342a1d .av-special-heading-tag{\nfont-size:70px;\n}\n.av-special-heading.av-6pkl7ok-70722c7a31d09116cd3e1e7370342a1d .av-subheading{\nfont-size:15px;\n}\n\n@media only screen and (min-width: 480px) and (max-width: 767px){ \n#top #wrap_all .av-special-heading.av-6pkl7ok-70722c7a31d09116cd3e1e7370342a1d .av-special-heading-tag{\nfont-size:0.8em;\n}\n}\n\n@media only screen and (max-width: 479px){ \n#top #wrap_all .av-special-heading.av-6pkl7ok-70722c7a31d09116cd3e1e7370342a1d .av-special-heading-tag{\nfont-size:0.8em;\n}\n}\n<\/style>\n<div  class='av-special-heading av-6pkl7ok-70722c7a31d09116cd3e1e7370342a1d av-special-heading-h1 blockquote modern-quote  avia-builder-el-1  el_before_av_textblock  avia-builder-el-first  av-thin-font av-inherit-size'><h1 class='av-special-heading-tag '  itemprop=\"headline\"  >Login Evaluateur<strong>.<\/strong><\/h1><div class=\"special-heading-border\"><div class=\"special-heading-inner-border\"><\/div><\/div><\/div>\n<section  id=\"becomeanevaluator\"  class='av_textblock_section av-6cj4x6s-db05e29fe502450a53fd82792af4c2b3 '   itemscope=\"itemscope\" itemtype=\"https:\/\/schema.org\/CreativeWork\" ><div class='avia_textblock'  itemprop=\"text\" ><p>Les \u00e9valuateurs disposent de deux moyens pratiques pour acc\u00e9der aux opportunit\u00e9s avec nous\u00a0: Apollo et Shopmetrics. Cette approche multi-sites nous permet de proposer davantage de missions et d&rsquo;optimiser les revenus potentiels.<\/p>\n<p><em>Actuellement, vous pouvez vous connecter directement \u00e0 Shopmetrics si vous poss\u00e9dez d\u00e9j\u00e0 un compte, mais les nouvelles inscriptions ne sont possibles que via Apollo. En vous inscrivant sur Apollo, vous recevrez automatiquement les identifiants pour les deux plateformes. Si vous ne vous \u00eates pas connect\u00e9 \u00e0 Apollo depuis un certain temps, veuillez le faire. Une fois votre profil correctement renseign\u00e9, votre compte Shopmetrics sera cr\u00e9\u00e9 automatiquement.<\/em><\/p>\n<\/div><\/section>\n\n<style type=\"text\/css\" data-created_by=\"avia_inline_auto\" id=\"style-css-av-5lnnj5w-bfd3e9f27336f246abbc394246f61f61\">\n.flex_column.av-5lnnj5w-bfd3e9f27336f246abbc394246f61f61{\nborder-width:3px;\nborder-color:#dad5d5;\nborder-style:solid;\npadding:20px 20px 20px 20px;\n}\n<\/style>\n<div  class='flex_column av-5lnnj5w-bfd3e9f27336f246abbc394246f61f61 av_one_half  avia-builder-el-3  el_after_av_textblock  el_before_av_one_half  first flex_column_div  column-top-margin'     ><section  class='av_textblock_section av-5ak1dxg-5cd11552fcdb383e016d59979b701cd5 '   itemscope=\"itemscope\" itemtype=\"https:\/\/schema.org\/CreativeWork\" ><div class='avia_textblock'  itemprop=\"text\" ><h2>Shopmetrics Login<\/h2>\n<\/div><\/section><br \/>\n<section  class='av_textblock_section av-huq31g-41312bce499faeb04d142cece8a87151 '   itemscope=\"itemscope\" itemtype=\"https:\/\/schema.org\/CreativeWork\" ><div class='avia_textblock'  itemprop=\"text\" ><p><strong>Europe Site<\/strong><\/p>\n<\/div><\/section><br \/>\n<div  class='avia-button-wrap av-4aj2pqc-6536d6c12fa69b5a41b20f307b6665ce-wrap avia-button-left  avia-builder-el-6  el_after_av_textblock  el_before_av_hr '><a href='https:\/\/eu.bareinternational.com\/auth\/index.asp#login'  class='avia-button av-4aj2pqc-6536d6c12fa69b5a41b20f307b6665ce av-link-btn avia-icon_select-no avia-size-large avia-position-left av-icon-on-hover avia-color-theme-color'  target=\"_blank\"  rel=\"noopener noreferrer\"  aria-label=\"SHOPMETRICS LOGIN\"><span class='avia_iconbox_title' >SHOPMETRICS LOGIN<\/span><\/a><\/div><br \/>\n<div  class='hr av-41s29k4-f27c6755d6c12fe385fa445f5ee2634d hr-short  avia-builder-el-7  el_after_av_button  el_before_av_textblock  hr-center'><span class='hr-inner '><span class=\"hr-inner-style\"><\/span><\/span><\/div><br \/>\n<section  class='av_textblock_section av-3dj4iec-043ee3ac0f77b8213fc5b7c016ebd69d '   itemscope=\"itemscope\" itemtype=\"https:\/\/schema.org\/CreativeWork\" ><div class='avia_textblock'  itemprop=\"text\" ><p><strong>Vous recherchez un autre pays\/une autre r\u00e9gion\u00a0?<\/strong><\/p>\n<\/div><\/section><br \/>\n<br \/>\n<section  class='av_textblock_section av-2ix35no-4a91665b5ec2fe220517baafc2d2ec15 '   itemscope=\"itemscope\" itemtype=\"https:\/\/schema.org\/CreativeWork\" ><div class='avia_textblock'  itemprop=\"text\" ><p>Remarque\u00a0: Si vous vous connectez pour la premi\u00e8re fois, vous utiliserez votre adresse e-mail Apollo\/Sassie et vous devrez cliquer sur\u00a0<a href=\"https:\/\/eu.bareinternational.com\/auth\/index.asp#forgotPassword\">Mot de passe oubli\u00e9<\/a>\u00a0pour le r\u00e9initialiser et acc\u00e9der \u00e0 votre compte.<\/p>\n<p>\u00cates-vous un \u00e9valuateur Apollo\u00a0? Consultez notre <a href=\"https:\/\/www.bareinternational.eu\/fr\/evaluateurs\/#faq\">FAQ Shopmetrics<\/a>\u00a0ici\u00a0!<\/p>\n<\/div><\/section><\/p><\/div>\n<style type=\"text\/css\" data-created_by=\"avia_inline_auto\" id=\"style-css-av-20tv86c-e21f69a504597138396b2dbe4988c632\">\n.flex_column.av-20tv86c-e21f69a504597138396b2dbe4988c632{\nborder-width:3px;\nborder-color:#dad5d5;\nborder-style:solid;\nborder-radius:0px 0px 0px 0px;\npadding:20px 20px 20px 20px;\n}\n<\/style>\n<div  class='flex_column av-20tv86c-e21f69a504597138396b2dbe4988c632 av_one_half  avia-builder-el-11  el_after_av_one_half  avia-builder-el-last  flex_column_div  column-top-margin'     ><section  class='av_textblock_section av-1nffop0-a9d796e80c928c822637a3bffd0c97eb '   itemscope=\"itemscope\" itemtype=\"https:\/\/schema.org\/CreativeWork\" ><div class='avia_textblock'  itemprop=\"text\" ><h2>Apollo Login<\/h2>\n<\/div><\/section><br \/>\n<section  class='av_textblock_section av-16mja2s-25c74fc9a0ec6ffb66a186d4ee094e47 '   itemscope=\"itemscope\" itemtype=\"https:\/\/schema.org\/CreativeWork\" ><div class='avia_textblock'  itemprop=\"text\" ><p><strong>Toutes les r\u00e9gions<\/strong><\/p>\n<\/div><\/section><br \/>\n<div  class='avia-button-wrap av-snv010-0c49da8cd9054c475a317b15fe610f38-wrap avia-button-left  avia-builder-el-14  el_after_av_textblock  avia-builder-el-last '><a href='https:\/\/www.apollo.bareinternational.com\/shoppers\/LoginShopper.norm.php?_gl=1*agrw8r*_gcl_au*MTExODM3MjQ2Mi4xNzM4MjUwNzc2*_ga*ODYwMTYwODY1LjE3MzgyNTA3NzI.*_ga_GE3VY2131M*MTc0MDAyOTAxNy4xNy4wLjE3NDAwMjkwMTcuNjAuMC4w'  class='avia-button av-snv010-0c49da8cd9054c475a317b15fe610f38 av-link-btn avia-icon_select-no avia-size-large avia-position-left av-icon-on-hover avia-color-theme-color'  target=\"_blank\"  rel=\"noopener noreferrer\"  aria-label=\"APOLLO LOGIN\"><span class='avia_iconbox_title' >APOLLO LOGIN<\/span><\/a><\/div><\/p><\/div><\/div><\/div><\/main><!-- close content main element --><\/div><\/div><div id='av-layout-grid-1'  class='av-layout-grid-container av-av_layout_row-195b5636aea00e16530a0ab721000c2e entry-content-wrapper main_color av-flex-cells  avia-builder-el-15  el_after_av_section  avia-builder-el-last  grid-row-not-first  container_wrap sidebar_right'  >\n\n<style type=\"text\/css\" data-created_by=\"avia_inline_auto\" id=\"style-css-av-av_cell_one_third-9eac94b6f3abfc7f97863e7208623522\">\n.flex_cell.av-av_cell_one_third-9eac94b6f3abfc7f97863e7208623522{\nvertical-align:middle;\nheight:400px;\nmin-height:400px;\nbackground-color:#da291c;\n}\n.responsive #top #wrap_all .flex_cell.av-av_cell_one_third-9eac94b6f3abfc7f97863e7208623522{\npadding:50px 50px 50px 50px !important;\n}\n<\/style>\n<div class='flex_cell av-av_cell_one_third-9eac94b6f3abfc7f97863e7208623522 av-gridrow-cell av_one_third no_margin  avia-builder-el-16  el_before_av_cell_one_third  avia-builder-el-first  content-align-middle avia-full-stretch'  ><div class='flex_cell_inner'>\n<style type=\"text\/css\" data-created_by=\"avia_inline_auto\" id=\"style-css-av-av_animated_numbers-4ea27a16735e62c84ef228cec6e04062\">\n.avia-animated-number.av-av_animated_numbers-4ea27a16735e62c84ef228cec6e04062 .avia-animated-number-icon.avia-svg-icon svg:first-child{\nfill:#ffffff;\nstroke:#ffffff;\n}\n#top .avia-animated-number.av-av_animated_numbers-4ea27a16735e62c84ef228cec6e04062 .avia-animated-number-title{\nfont-size:50px;\ncolor:#ffffff;\n}\n#top .avia-animated-number.av-av_animated_numbers-4ea27a16735e62c84ef228cec6e04062 .avia-animated-number-content{\nfont-size:22px;\ncolor:#444444;\n}\n<\/style>\n<div  class=\"avia-animated-number av-av_animated_numbers-4ea27a16735e62c84ef228cec6e04062 av-force-default-color avia_animate_when_visible  avia-builder-el-17  avia-builder-el-no-sibling  avia-color-font-custom \" data-timer=\"3000\"><strong class=\"heading avia-animated-number-title\"><span class=\"avia-single-number __av-single-number\" data-number_format=\"\" data-number=\"250\" data-start_from=\"0\">250<\/span><span class=\"avia-no-number\">,<\/span><span class=\"avia-single-number __av-single-number\" data-number_format=\"\" data-number=\"000\" data-start_from=\"0\">000<\/span><span class=\"avia-no-number\">+ Evaluations<\/span><\/strong><div class=\"avia-animated-number-content\"><p>compl\u00e9t\u00e9es chaque ann\u00e9e dans le monde<\/p>\n<\/div><\/div>\n<\/div><\/div>\n<style type=\"text\/css\" data-created_by=\"avia_inline_auto\" id=\"style-css-av-av_cell_one_third-fa32efd4007e26c1452e7def0edf5a04\">\n.flex_cell.av-av_cell_one_third-fa32efd4007e26c1452e7def0edf5a04{\nvertical-align:middle;\nheight:400px;\nmin-height:400px;\nbackground-color:#ff9e1b;\n}\n.responsive #top #wrap_all .flex_cell.av-av_cell_one_third-fa32efd4007e26c1452e7def0edf5a04{\npadding:50px 50px 50px 50px !important;\n}\n<\/style>\n<div class='flex_cell av-av_cell_one_third-fa32efd4007e26c1452e7def0edf5a04 av-gridrow-cell av_one_third no_margin  avia-builder-el-18  el_after_av_cell_one_third  el_before_av_cell_one_third  content-align-middle avia-full-stretch'  ><div class='flex_cell_inner'>\n<style type=\"text\/css\" data-created_by=\"avia_inline_auto\" id=\"style-css-av-av_animated_numbers-b01f98f6a03d931ea1cf53382c5f2379\">\n.avia-animated-number.av-av_animated_numbers-b01f98f6a03d931ea1cf53382c5f2379 .avia-animated-number-icon.avia-svg-icon svg:first-child{\nfill:#ffffff;\nstroke:#ffffff;\n}\n#top .avia-animated-number.av-av_animated_numbers-b01f98f6a03d931ea1cf53382c5f2379 .avia-animated-number-title{\nfont-size:50px;\ncolor:#ffffff;\n}\n#top .avia-animated-number.av-av_animated_numbers-b01f98f6a03d931ea1cf53382c5f2379 .avia-animated-number-content{\nfont-size:22px;\ncolor:#444444;\n}\n<\/style>\n<div  class=\"avia-animated-number av-av_animated_numbers-b01f98f6a03d931ea1cf53382c5f2379 av-force-default-color avia_animate_when_visible  avia-builder-el-19  avia-builder-el-no-sibling  avia-color-font-custom \" data-timer=\"3000\"><strong class=\"heading avia-animated-number-title\"><span class=\"avia-single-number __av-single-number\" data-number_format=\"\" data-number=\"13\" data-start_from=\"0\">13<\/span><span class=\"avia-no-number\">Bureaux<\/span><\/strong><div class=\"avia-animated-number-content\"><p>dans le monde<\/p>\n<\/div><\/div>\n<\/div><\/div>\n<style type=\"text\/css\" data-created_by=\"avia_inline_auto\" id=\"style-css-av-av_cell_one_third-d188d1eb5569cd6c36fa59632ea7a0b8\">\n.flex_cell.av-av_cell_one_third-d188d1eb5569cd6c36fa59632ea7a0b8{\nvertical-align:middle;\nheight:400px;\nmin-height:400px;\nbackground-color:#7474c1;\n}\n<\/style>\n<div class='flex_cell av-av_cell_one_third-d188d1eb5569cd6c36fa59632ea7a0b8 av-gridrow-cell av_one_third no_margin  avia-builder-el-20  el_after_av_cell_one_third  avia-builder-el-last  content-align-middle'  ><div class='flex_cell_inner'>\n<style type=\"text\/css\" data-created_by=\"avia_inline_auto\" id=\"style-css-av-av_animated_numbers-2d8f0dad67a6c500f26a44a150b4e58b\">\n.avia-animated-number.av-av_animated_numbers-2d8f0dad67a6c500f26a44a150b4e58b .avia-animated-number-icon.avia-svg-icon svg:first-child{\nfill:#ffffff;\nstroke:#ffffff;\n}\n#top .avia-animated-number.av-av_animated_numbers-2d8f0dad67a6c500f26a44a150b4e58b .avia-animated-number-title{\nfont-size:50px;\ncolor:#ffffff;\n}\n#top .avia-animated-number.av-av_animated_numbers-2d8f0dad67a6c500f26a44a150b4e58b .avia-animated-number-content{\nfont-size:22px;\ncolor:#444444;\n}\n<\/style>\n<div  class=\"avia-animated-number av-av_animated_numbers-2d8f0dad67a6c500f26a44a150b4e58b av-force-default-color avia_animate_when_visible  avia-builder-el-21  avia-builder-el-no-sibling  avia-color-font-custom \" data-timer=\"3000\"><strong class=\"heading avia-animated-number-title\"><span class=\"avia-single-number __av-single-number\" data-number_format=\"\" data-number=\"165\" data-start_from=\"0\">165<\/span><span class=\"avia-no-number\">Pays<\/span><\/strong><div class=\"avia-animated-number-content\"><p>dans le r\u00e9seau BARE<\/p>\n<\/div><\/div>\n<\/div><\/div>\n<\/div><\/p>\n","protected":false},"excerpt":{"rendered":"","protected":false},"author":24,"featured_media":31397,"parent":0,"menu_order":0,"comment_status":"closed","ping_status":"closed","template":"","meta":{"footnotes":""},"class_list":["post-31396","page","type-page","status-publish","has-post-thumbnail","hentry"],"yoast_head":"<!-- This site is optimized with the Yoast SEO plugin v27.3 - https:\/\/yoast.com\/product\/yoast-seo-wordpress\/ -->\n<title>Login Evaluateur - BARE International Europe<\/title>\n<meta name=\"description\" content=\"BARE International is a premier mystery shopping and secret shopper company, which allows us to provide the very best secret shoppers and mystery evaluators\" \/>\n<meta name=\"robots\" content=\"index, follow, max-snippet:-1, max-image-preview:large, max-video-preview:-1\" \/>\n<link rel=\"canonical\" href=\"https:\/\/www.bareinternational.eu\/fr\/login-evaluateur\/\" \/>\n<meta property=\"og:locale\" content=\"fr_FR\" \/>\n<meta property=\"og:type\" content=\"article\" \/>\n<meta property=\"og:title\" content=\"Login Evaluateur - BARE International Europe\" \/>\n<meta property=\"og:description\" content=\"BARE International is a premier mystery shopping and secret shopper company, which allows us to provide the very best secret shoppers and mystery evaluators\" \/>\n<meta property=\"og:url\" content=\"https:\/\/www.bareinternational.eu\/fr\/login-evaluateur\/\" \/>\n<meta property=\"og:site_name\" content=\"BARE International Europe\" \/>\n<meta property=\"article:modified_time\" content=\"2025-08-29T05:26:15+00:00\" \/>\n<meta property=\"og:image\" content=\"https:\/\/www.bareinternational.eu\/wp-content\/uploads\/sites\/6\/2025\/03\/Evaluators-Page-1030x579.png\" \/>\n\t<meta property=\"og:image:width\" content=\"1030\" \/>\n\t<meta property=\"og:image:height\" content=\"579\" \/>\n\t<meta property=\"og:image:type\" content=\"image\/png\" \/>\n<meta name=\"twitter:card\" content=\"summary_large_image\" \/>\n<meta name=\"twitter:label1\" content=\"Dur\u00e9e de lecture estim\u00e9e\" \/>\n\t<meta name=\"twitter:data1\" content=\"1 minute\" \/>\n<script type=\"application\/ld+json\" class=\"yoast-schema-graph\">{\"@context\":\"https:\\\/\\\/schema.org\",\"@graph\":[{\"@type\":\"WebPage\",\"@id\":\"https:\\\/\\\/www.bareinternational.eu\\\/fr\\\/login-evaluateur\\\/\",\"url\":\"https:\\\/\\\/www.bareinternational.eu\\\/fr\\\/login-evaluateur\\\/\",\"name\":\"Login Evaluateur - BARE International Europe\",\"isPartOf\":{\"@id\":\"https:\\\/\\\/www.bareinternational.eu\\\/es\\\/#website\"},\"primaryImageOfPage\":{\"@id\":\"https:\\\/\\\/www.bareinternational.eu\\\/fr\\\/login-evaluateur\\\/#primaryimage\"},\"image\":{\"@id\":\"https:\\\/\\\/www.bareinternational.eu\\\/fr\\\/login-evaluateur\\\/#primaryimage\"},\"thumbnailUrl\":\"https:\\\/\\\/www.bareinternational.eu\\\/wp-content\\\/uploads\\\/sites\\\/6\\\/2025\\\/03\\\/Evaluators-Page.png\",\"datePublished\":\"2025-03-24T03:07:41+00:00\",\"dateModified\":\"2025-08-29T05:26:15+00:00\",\"description\":\"BARE International is a premier mystery shopping and secret shopper company, which allows us to provide the very best secret shoppers and mystery evaluators\",\"breadcrumb\":{\"@id\":\"https:\\\/\\\/www.bareinternational.eu\\\/fr\\\/login-evaluateur\\\/#breadcrumb\"},\"inLanguage\":\"fr-FR\",\"potentialAction\":[{\"@type\":\"ReadAction\",\"target\":[\"https:\\\/\\\/www.bareinternational.eu\\\/fr\\\/login-evaluateur\\\/\"]}]},{\"@type\":\"ImageObject\",\"inLanguage\":\"fr-FR\",\"@id\":\"https:\\\/\\\/www.bareinternational.eu\\\/fr\\\/login-evaluateur\\\/#primaryimage\",\"url\":\"https:\\\/\\\/www.bareinternational.eu\\\/wp-content\\\/uploads\\\/sites\\\/6\\\/2025\\\/03\\\/Evaluators-Page.png\",\"contentUrl\":\"https:\\\/\\\/www.bareinternational.eu\\\/wp-content\\\/uploads\\\/sites\\\/6\\\/2025\\\/03\\\/Evaluators-Page.png\",\"width\":1920,\"height\":1080,\"caption\":\"Group of seven smiling, happy individuals against a red background.\"},{\"@type\":\"BreadcrumbList\",\"@id\":\"https:\\\/\\\/www.bareinternational.eu\\\/fr\\\/login-evaluateur\\\/#breadcrumb\",\"itemListElement\":[{\"@type\":\"ListItem\",\"position\":1,\"name\":\"Home\",\"item\":\"https:\\\/\\\/www.bareinternational.eu\\\/fr\\\/home\\\/\"},{\"@type\":\"ListItem\",\"position\":2,\"name\":\"Login Evaluateur\"}]},{\"@type\":\"WebSite\",\"@id\":\"https:\\\/\\\/www.bareinternational.eu\\\/es\\\/#website\",\"url\":\"https:\\\/\\\/www.bareinternational.eu\\\/es\\\/\",\"name\":\"BARE International Europe\",\"description\":\"Discover the path to experience excellence.\",\"publisher\":{\"@id\":\"https:\\\/\\\/www.bareinternational.eu\\\/es\\\/#organization\"},\"potentialAction\":[{\"@type\":\"SearchAction\",\"target\":{\"@type\":\"EntryPoint\",\"urlTemplate\":\"https:\\\/\\\/www.bareinternational.eu\\\/es\\\/?s={search_term_string}\"},\"query-input\":{\"@type\":\"PropertyValueSpecification\",\"valueRequired\":true,\"valueName\":\"search_term_string\"}}],\"inLanguage\":\"fr-FR\"},{\"@type\":\"Organization\",\"@id\":\"https:\\\/\\\/www.bareinternational.eu\\\/es\\\/#organization\",\"name\":\"BARE International\",\"url\":\"https:\\\/\\\/www.bareinternational.eu\\\/es\\\/\",\"logo\":{\"@type\":\"ImageObject\",\"inLanguage\":\"fr-FR\",\"@id\":\"https:\\\/\\\/www.bareinternational.eu\\\/es\\\/#\\\/schema\\\/logo\\\/image\\\/\",\"url\":\"https:\\\/\\\/www.bareinternational.eu\\\/wp-content\\\/uploads\\\/sites\\\/6\\\/2022\\\/07\\\/BARE-Logo-WP-2022.png\",\"contentUrl\":\"https:\\\/\\\/www.bareinternational.eu\\\/wp-content\\\/uploads\\\/sites\\\/6\\\/2022\\\/07\\\/BARE-Logo-WP-2022.png\",\"width\":340,\"height\":135,\"caption\":\"BARE International\"},\"image\":{\"@id\":\"https:\\\/\\\/www.bareinternational.eu\\\/es\\\/#\\\/schema\\\/logo\\\/image\\\/\"}}]}<\/script>\n<!-- \/ Yoast SEO plugin. -->","yoast_head_json":{"title":"Login Evaluateur - BARE International Europe","description":"BARE International is a premier mystery shopping and secret shopper company, which allows us to provide the very best secret shoppers and mystery evaluators","robots":{"index":"index","follow":"follow","max-snippet":"max-snippet:-1","max-image-preview":"max-image-preview:large","max-video-preview":"max-video-preview:-1"},"canonical":"https:\/\/www.bareinternational.eu\/fr\/login-evaluateur\/","og_locale":"fr_FR","og_type":"article","og_title":"Login Evaluateur - BARE International Europe","og_description":"BARE International is a premier mystery shopping and secret shopper company, which allows us to provide the very best secret shoppers and mystery evaluators","og_url":"https:\/\/www.bareinternational.eu\/fr\/login-evaluateur\/","og_site_name":"BARE International Europe","article_modified_time":"2025-08-29T05:26:15+00:00","og_image":[{"width":1030,"height":579,"url":"https:\/\/www.bareinternational.eu\/wp-content\/uploads\/sites\/6\/2025\/03\/Evaluators-Page-1030x579.png","type":"image\/png"}],"twitter_card":"summary_large_image","twitter_misc":{"Dur\u00e9e de lecture estim\u00e9e":"1 minute"},"schema":{"@context":"https:\/\/schema.org","@graph":[{"@type":"WebPage","@id":"https:\/\/www.bareinternational.eu\/fr\/login-evaluateur\/","url":"https:\/\/www.bareinternational.eu\/fr\/login-evaluateur\/","name":"Login Evaluateur - BARE International Europe","isPartOf":{"@id":"https:\/\/www.bareinternational.eu\/es\/#website"},"primaryImageOfPage":{"@id":"https:\/\/www.bareinternational.eu\/fr\/login-evaluateur\/#primaryimage"},"image":{"@id":"https:\/\/www.bareinternational.eu\/fr\/login-evaluateur\/#primaryimage"},"thumbnailUrl":"https:\/\/www.bareinternational.eu\/wp-content\/uploads\/sites\/6\/2025\/03\/Evaluators-Page.png","datePublished":"2025-03-24T03:07:41+00:00","dateModified":"2025-08-29T05:26:15+00:00","description":"BARE International is a premier mystery shopping and secret shopper company, which allows us to provide the very best secret shoppers and mystery evaluators","breadcrumb":{"@id":"https:\/\/www.bareinternational.eu\/fr\/login-evaluateur\/#breadcrumb"},"inLanguage":"fr-FR","potentialAction":[{"@type":"ReadAction","target":["https:\/\/www.bareinternational.eu\/fr\/login-evaluateur\/"]}]},{"@type":"ImageObject","inLanguage":"fr-FR","@id":"https:\/\/www.bareinternational.eu\/fr\/login-evaluateur\/#primaryimage","url":"https:\/\/www.bareinternational.eu\/wp-content\/uploads\/sites\/6\/2025\/03\/Evaluators-Page.png","contentUrl":"https:\/\/www.bareinternational.eu\/wp-content\/uploads\/sites\/6\/2025\/03\/Evaluators-Page.png","width":1920,"height":1080,"caption":"Group of seven smiling, happy individuals against a red background."},{"@type":"BreadcrumbList","@id":"https:\/\/www.bareinternational.eu\/fr\/login-evaluateur\/#breadcrumb","itemListElement":[{"@type":"ListItem","position":1,"name":"Home","item":"https:\/\/www.bareinternational.eu\/fr\/home\/"},{"@type":"ListItem","position":2,"name":"Login Evaluateur"}]},{"@type":"WebSite","@id":"https:\/\/www.bareinternational.eu\/es\/#website","url":"https:\/\/www.bareinternational.eu\/es\/","name":"BARE International Europe","description":"Discover the path to experience excellence.","publisher":{"@id":"https:\/\/www.bareinternational.eu\/es\/#organization"},"potentialAction":[{"@type":"SearchAction","target":{"@type":"EntryPoint","urlTemplate":"https:\/\/www.bareinternational.eu\/es\/?s={search_term_string}"},"query-input":{"@type":"PropertyValueSpecification","valueRequired":true,"valueName":"search_term_string"}}],"inLanguage":"fr-FR"},{"@type":"Organization","@id":"https:\/\/www.bareinternational.eu\/es\/#organization","name":"BARE International","url":"https:\/\/www.bareinternational.eu\/es\/","logo":{"@type":"ImageObject","inLanguage":"fr-FR","@id":"https:\/\/www.bareinternational.eu\/es\/#\/schema\/logo\/image\/","url":"https:\/\/www.bareinternational.eu\/wp-content\/uploads\/sites\/6\/2022\/07\/BARE-Logo-WP-2022.png","contentUrl":"https:\/\/www.bareinternational.eu\/wp-content\/uploads\/sites\/6\/2022\/07\/BARE-Logo-WP-2022.png","width":340,"height":135,"caption":"BARE International"},"image":{"@id":"https:\/\/www.bareinternational.eu\/es\/#\/schema\/logo\/image\/"}}]}},"_links":{"self":[{"href":"https:\/\/www.bareinternational.eu\/fr\/wp-json\/wp\/v2\/pages\/31396","targetHints":{"allow":["GET"]}}],"collection":[{"href":"https:\/\/www.bareinternational.eu\/fr\/wp-json\/wp\/v2\/pages"}],"about":[{"href":"https:\/\/www.bareinternational.eu\/fr\/wp-json\/wp\/v2\/types\/page"}],"author":[{"embeddable":true,"href":"https:\/\/www.bareinternational.eu\/fr\/wp-json\/wp\/v2\/users\/24"}],"replies":[{"embeddable":true,"href":"https:\/\/www.bareinternational.eu\/fr\/wp-json\/wp\/v2\/comments?post=31396"}],"version-history":[{"count":0,"href":"https:\/\/www.bareinternational.eu\/fr\/wp-json\/wp\/v2\/pages\/31396\/revisions"}],"wp:featuredmedia":[{"embeddable":true,"href":"https:\/\/www.bareinternational.eu\/fr\/wp-json\/wp\/v2\/media\/31397"}],"wp:attachment":[{"href":"https:\/\/www.bareinternational.eu\/fr\/wp-json\/wp\/v2\/media?parent=31396"}],"curies":[{"name":"wp","href":"https:\/\/api.w.org\/{rel}","templated":true}]}}