{"id":20994,"date":"2020-04-22T14:36:29","date_gmt":"2020-04-22T13:36:29","guid":{"rendered":"https:\/\/www.bareinternational.eu\/?page_id=20994\/"},"modified":"2020-04-22T15:30:47","modified_gmt":"2020-04-22T14:30:47","slug":"recommandation-des-clients-questions-frequemment-posees-faq","status":"publish","type":"page","link":"https:\/\/www.bareinternational.eu\/fr\/recommandation-des-clients-questions-frequemment-posees-faq\/","title":{"rendered":"RECOMMANDATION DES CLIENTS &#8211; Questions Fr\u00e9quemment Pos\u00e9es (FAQ)"},"content":{"rendered":"<section  class='av_textblock_section av-k9bdn4hk-2642beaeeff1e579d7277e1de3951690 '   itemscope=\"itemscope\" itemtype=\"https:\/\/schema.org\/CreativeWork\" ><div class='avia_textblock'  itemprop=\"text\" ><p style=\"text-align: left\"><span data-ccp-props=\"{\"><strong><img loading=\"lazy\" decoding=\"async\" class=\"size-full wp-image-20943\" src=\"https:\/\/www.bareinternational.eu\/wp-content\/uploads\/sites\/6\/2020\/04\/Road-Map-Email-Header.png\" alt=\"Client referral\" width=\"600\" height=\"200\" srcset=\"https:\/\/www.bareinternational.eu\/wp-content\/uploads\/sites\/6\/2020\/04\/Road-Map-Email-Header.png 600w, https:\/\/www.bareinternational.eu\/wp-content\/uploads\/sites\/6\/2020\/04\/Road-Map-Email-Header-300x100.png 300w\" sizes=\"auto, (max-width: 600px) 100vw, 600px\" \/><\/strong><\/span><\/p>\n<h2>PROGRAMME DE RECOMMANDATION DES CLIENTS POUR LES \u00c9VALUATEURS<\/h2>\n<p>Nous avons envoy\u00e9 un message concernant la nouvelle opportunit\u00e9 de recommandation des clients il y a quelques semaines.<\/p>\n<p><strong><a href=\"https:\/\/europe.createsend1.com\/t\/ViewEmail\/i\/6FC5C8A0683F5FC52540EF23F30FEDED\">EN SAVOIR PLUS<\/a><\/strong><\/p>\n<p>Nous vous encourageons toujours \u00e0 vous informer et recommander une entreprise \u00e0 nous si vous avez d&rsquo;un lien personnel avec eux. Nous avons d\u00e9j\u00e0 re\u00e7u plusieurs renvois et nous voudrions vous remercier pour votre aide et loyaut\u00e9 envers la famille BARE. Afin de mieux comprendre comment ce programme fonctionne et de pr\u00e9ciser certains points que plusieurs d&rsquo;entre vous avaient demand\u00e9s, nous voudrions partager avec vous les r\u00e9ponses aux questions fr\u00e9quemment pos\u00e9es.<\/p>\n<\/div><\/section>\n<div  class='togglecontainer av-k91dhgnn-fa6d481c696efec6aa7732a6b93bc4f1  avia-builder-el-1  el_after_av_textblock  avia-builder-el-last  toggle_close_all' >\n<section class='av_toggle_section av-av_toggle-555824b6da1104651154f8ea8e21ee68'  itemscope=\"itemscope\" itemtype=\"https:\/\/schema.org\/CreativeWork\" ><div role=\"tablist\" class=\"single_toggle\" data-tags=\"{Tout} \"  ><p id='toggle-toggle-id-1' data-fake-id='#toggle-id-1' class='toggler  av-title-above '  itemprop=\"headline\"  role='tab' tabindex='0' aria-controls='toggle-id-1' data-slide-speed=\"200\" data-title=\"&lt;b&gt;Puis-je soumettre une recommandation m\u00eame si je ne connais personne dans l\u2019entreprise recommand\u00e9e ? &lt;\/b&gt; \" data-title-open=\"\" data-aria_collapsed=\"Cliquez pour \u00e9tendre : &lt;b&gt;Puis-je soumettre une recommandation m\u00eame si je ne connais personne dans l\u2019entreprise recommand\u00e9e ? &lt;\/b&gt; \" data-aria_expanded=\"Cliquez pour r\u00e9duire : &lt;b&gt;Puis-je soumettre une recommandation m\u00eame si je ne connais personne dans l\u2019entreprise recommand\u00e9e ? &lt;\/b&gt; \"><b>Puis-je soumettre une recommandation m\u00eame si je ne connais personne dans l\u2019entreprise recommand\u00e9e ? <\/b> <span class=\"toggle_icon\"><span class=\"vert_icon\"><\/span><span class=\"hor_icon\"><\/span><\/span><\/p><div id='toggle-id-1' aria-labelledby='toggle-toggle-id-1' role='region' class='toggle_wrap  av-title-above'  ><div class='toggle_content invers-color '  itemprop=\"text\" ><p>Nous consid\u00e9rons un prospect \u00ab\u00a0chaud\u00a0\u00bb si vous connaissez la personne recommand\u00e9e, afin que nous puissions mentionner votre nom comme \u00ab\u00a0g\u00e9n\u00e9rateur de prospect\u00a0\u00bb. Si vous ne connaissez pas la personne, nous ne pouvons pas consid\u00e9rer votre recommandation comme un prospect chaud et nous ne pourrions pas vous payer un frais de recommandation en cas de succ\u00e8s. Si vous connaissez la personne mais vous ne souhaitez pas que votre nom soit mentionn\u00e9, veuillez-nous le faire savoir.<\/p>\n<\/div><\/div><\/div><\/section>\n<section class='av_toggle_section av-av_toggle-a739f1fa366ad923d91fa7afb34c2380'  itemscope=\"itemscope\" itemtype=\"https:\/\/schema.org\/CreativeWork\" ><div role=\"tablist\" class=\"single_toggle\" data-tags=\"{Tout} \"  ><p id='toggle-toggle-id-2' data-fake-id='#toggle-id-2' class='toggler  av-title-above '  itemprop=\"headline\"  role='tab' tabindex='0' aria-controls='toggle-id-2' data-slide-speed=\"200\" data-title=\"&lt;b&gt;Puis-je proposer une entreprise que vous devriez contacter ? &lt;\/b&gt;\" data-title-open=\"\" data-aria_collapsed=\"Cliquez pour \u00e9tendre : &lt;b&gt;Puis-je proposer une entreprise que vous devriez contacter ? &lt;\/b&gt;\" data-aria_expanded=\"Cliquez pour r\u00e9duire : &lt;b&gt;Puis-je proposer une entreprise que vous devriez contacter ? &lt;\/b&gt;\"><b>Puis-je proposer une entreprise que vous devriez contacter ? <\/b><span class=\"toggle_icon\"><span class=\"vert_icon\"><\/span><span class=\"hor_icon\"><\/span><\/span><\/p><div id='toggle-id-2' aria-labelledby='toggle-toggle-id-2' role='region' class='toggle_wrap  av-title-above'  ><div class='toggle_content invers-color '  itemprop=\"text\" ><p>Nous vous remercions de l&rsquo;int\u00e9r\u00eat et suggestions mais nous ne pouvons pas consid\u00e9rer cela comme un prospect chaud et malheureusement ne pourrions pas vous payer un frais de recommandation en cas de succ\u00e8s.<\/p>\n<\/div><\/div><\/div><\/section>\n<section class='av_toggle_section av-av_toggle-6706d8933c9003832366708522e87129'  itemscope=\"itemscope\" itemtype=\"https:\/\/schema.org\/CreativeWork\" ><div role=\"tablist\" class=\"single_toggle\" data-tags=\"{Tout} \"  ><p id='toggle-toggle-id-3' data-fake-id='#toggle-id-3' class='toggler  av-title-above '  itemprop=\"headline\"  role='tab' tabindex='0' aria-controls='toggle-id-3' data-slide-speed=\"200\" data-title=\"&lt;b&gt;Allez-vous me renseigner sur le statut de ma recommandation ? &lt;\/b&gt;\" data-title-open=\"\" data-aria_collapsed=\"Cliquez pour \u00e9tendre : &lt;b&gt;Allez-vous me renseigner sur le statut de ma recommandation ? &lt;\/b&gt;\" data-aria_expanded=\"Cliquez pour r\u00e9duire : &lt;b&gt;Allez-vous me renseigner sur le statut de ma recommandation ? &lt;\/b&gt;\"><b>Allez-vous me renseigner sur le statut de ma recommandation ? <\/b><span class=\"toggle_icon\"><span class=\"vert_icon\"><\/span><span class=\"hor_icon\"><\/span><\/span><\/p><div id='toggle-id-3' aria-labelledby='toggle-toggle-id-3' role='region' class='toggle_wrap  av-title-above'  ><div class='toggle_content invers-color '  itemprop=\"text\" ><p>Nous examinons et \u00e9valuons chaque recommandation soumise. Si notre \u00e9quipe commerciale voie un potentiel dans votre prospect, nous vous contacterons par courriel afin de pr\u00e9ciser certains points, et \u00e0 nouveau une fois le processus d\u00e9marre. Nous vous renseignerons s&rsquo;il existe une possibilit\u00e9 de proposer un contrat \u00e0 l&rsquo;entreprise, ou si le prospect est froid.<\/p>\n<\/div><\/div><\/div><\/section>\n<section class='av_toggle_section av-av_toggle-fa53d990debbe9d7d2c248259a22ec02'  itemscope=\"itemscope\" itemtype=\"https:\/\/schema.org\/CreativeWork\" ><div role=\"tablist\" class=\"single_toggle\" data-tags=\"{Tout} \"  ><p id='toggle-toggle-id-4' data-fake-id='#toggle-id-4' class='toggler  av-title-above '  itemprop=\"headline\"  role='tab' tabindex='0' aria-controls='toggle-id-4' data-slide-speed=\"200\" data-title=\"&lt;b&gt;Recevrai-je de l\u2019argent dans tous les cas ? &lt;\/b&gt;\" data-title-open=\"\" data-aria_collapsed=\"Cliquez pour \u00e9tendre : &lt;b&gt;Recevrai-je de l\u2019argent dans tous les cas ? &lt;\/b&gt;\" data-aria_expanded=\"Cliquez pour r\u00e9duire : &lt;b&gt;Recevrai-je de l\u2019argent dans tous les cas ? &lt;\/b&gt;\"><b>Recevrai-je de l\u2019argent dans tous les cas ? <\/b><span class=\"toggle_icon\"><span class=\"vert_icon\"><\/span><span class=\"hor_icon\"><\/span><\/span><\/p><div id='toggle-id-4' aria-labelledby='toggle-toggle-id-4' role='region' class='toggle_wrap  av-title-above'  ><div class='toggle_content invers-color '  itemprop=\"text\" ><p>Nous payerons pour le prospect si nous pouvons finaliser le programme dans les 6 mois suivant votre soumission, et uniquement en cas le contrat est sign\u00e9 et la premi\u00e8re facture est pay\u00e9e. Nous ne pouvons pas payer seulement pour la recommandation.<\/p>\n<\/div><\/div><\/div><\/section>\n<section class='av_toggle_section av-av_toggle-5064ed3f53fbe48e5a918bbaddc6f11f'  itemscope=\"itemscope\" itemtype=\"https:\/\/schema.org\/CreativeWork\" ><div role=\"tablist\" class=\"single_toggle\" data-tags=\"{Tout} \"  ><p id='toggle-toggle-id-5' data-fake-id='#toggle-id-5' class='toggler  av-title-above '  itemprop=\"headline\"  role='tab' tabindex='0' aria-controls='toggle-id-5' data-slide-speed=\"200\" data-title=\"&lt;b&gt;Puis-je soumettre une liste des prospects d\u2018une autre Entreprise d\u2019\u00c9valuation Myst\u00e8re ? &lt;\/b&gt;\" data-title-open=\"\" data-aria_collapsed=\"Cliquez pour \u00e9tendre : &lt;b&gt;Puis-je soumettre une liste des prospects d\u2018une autre Entreprise d\u2019\u00c9valuation Myst\u00e8re ? &lt;\/b&gt;\" data-aria_expanded=\"Cliquez pour r\u00e9duire : &lt;b&gt;Puis-je soumettre une liste des prospects d\u2018une autre Entreprise d\u2019\u00c9valuation Myst\u00e8re ? &lt;\/b&gt;\"><b>Puis-je soumettre une liste des prospects d\u2018une autre Entreprise d\u2019\u00c9valuation Myst\u00e8re ? <\/b><span class=\"toggle_icon\"><span class=\"vert_icon\"><\/span><span class=\"hor_icon\"><\/span><\/span><\/p><div id='toggle-id-5' aria-labelledby='toggle-toggle-id-5' role='region' class='toggle_wrap  av-title-above'  ><div class='toggle_content invers-color '  itemprop=\"text\" ><p>Nous ne recherchons que des prospects chauds, provenant directement de vous, \u00e0 cause d&rsquo;un lien personnel ou de travail. Nous ne pouvons pas accepter des listes couvertes par des accords de non-divulgation ou d&rsquo;autres accords que vous avez peut-\u00eatre sign\u00e9s avec un tiers.<\/p>\n<\/div><\/div><\/div><\/section>\n<section class='av_toggle_section av-av_toggle-86773a87a9547a6d9c13a948a21f398e'  itemscope=\"itemscope\" itemtype=\"https:\/\/schema.org\/CreativeWork\" ><div role=\"tablist\" class=\"single_toggle\" data-tags=\"{Tout} \"  ><p id='toggle-toggle-id-6' data-fake-id='#toggle-id-6' class='toggler  av-title-above '  itemprop=\"headline\"  role='tab' tabindex='0' aria-controls='toggle-id-6' data-slide-speed=\"200\" data-title=\"&lt;b&gt;Puis-je travailler comme un entrepreneur ind\u00e9pendant des ventes &lt;\/b&gt;\" data-title-open=\"\" data-aria_collapsed=\"Cliquez pour \u00e9tendre : &lt;b&gt;Puis-je travailler comme un entrepreneur ind\u00e9pendant des ventes &lt;\/b&gt;\" data-aria_expanded=\"Cliquez pour r\u00e9duire : &lt;b&gt;Puis-je travailler comme un entrepreneur ind\u00e9pendant des ventes &lt;\/b&gt;\"><b>Puis-je travailler comme un entrepreneur ind\u00e9pendant des ventes <\/b><span class=\"toggle_icon\"><span class=\"vert_icon\"><\/span><span class=\"hor_icon\"><\/span><\/span><\/p><div id='toggle-id-6' aria-labelledby='toggle-toggle-id-6' role='region' class='toggle_wrap  av-title-above'  ><div class='toggle_content invers-color '  itemprop=\"text\" ><p>Ce programme est consacr\u00e9 uniquement \u00e0 nos \u00e9valuateurs, et nous ne cherchons pas \u00e0 modifier notre structure de vente pour l&rsquo;instant.<\/p>\n<\/div><\/div><\/div><\/section>\n<section class='av_toggle_section av-av_toggle-c44a239d2fea83ceece46233df5819f1'  itemscope=\"itemscope\" itemtype=\"https:\/\/schema.org\/CreativeWork\" ><div role=\"tablist\" class=\"single_toggle\" data-tags=\"{Tout} \"  ><p id='toggle-toggle-id-7' data-fake-id='#toggle-id-7' class='toggler  av-title-above '  itemprop=\"headline\"  role='tab' tabindex='0' aria-controls='toggle-id-7' data-slide-speed=\"200\" data-title=\"&lt;b&gt;Y a-t-il un secteur privil\u00e9gi\u00e9 que nous devrions rechercher ? &lt;\/b&gt;\" data-title-open=\"\" data-aria_collapsed=\"Cliquez pour \u00e9tendre : &lt;b&gt;Y a-t-il un secteur privil\u00e9gi\u00e9 que nous devrions rechercher ? &lt;\/b&gt;\" data-aria_expanded=\"Cliquez pour r\u00e9duire : &lt;b&gt;Y a-t-il un secteur privil\u00e9gi\u00e9 que nous devrions rechercher ? &lt;\/b&gt;\"><b>Y a-t-il un secteur privil\u00e9gi\u00e9 que nous devrions rechercher ? <\/b><span class=\"toggle_icon\"><span class=\"vert_icon\"><\/span><span class=\"hor_icon\"><\/span><\/span><\/p><div id='toggle-id-7' aria-labelledby='toggle-toggle-id-7' role='region' class='toggle_wrap  av-title-above'  ><div class='toggle_content invers-color '  itemprop=\"text\" ><p>Vous pourriez soumettre un prospect de n&rsquo;importe quelle entreprise, mais \u00e0 ce moment particulier, nous envisageons \u00e0 d\u00e9marrer des programmes en ligne et par t\u00e9l\u00e9phone, par cons\u00e9quent, des entreprises en ligne (alimentation, vente au d\u00e9tail, livraison de provisions alimentaires), des pharmacies et des drogueries, des banques et des assurances, et des t\u00e9l\u00e9coms.<\/p>\n<\/div><\/div><\/div><\/section>\n<\/div>\n","protected":false},"excerpt":{"rendered":"","protected":false},"author":56,"featured_media":20944,"parent":0,"menu_order":0,"comment_status":"closed","ping_status":"closed","template":"","meta":{"footnotes":""},"class_list":["post-20994","page","type-page","status-publish","has-post-thumbnail","hentry"],"yoast_head":"<!-- This site is optimized with the Yoast SEO plugin v27.3 - https:\/\/yoast.com\/product\/yoast-seo-wordpress\/ -->\n<title>RECOMMANDATION DES CLIENTS - Questions Fr\u00e9quemment Pos\u00e9es (FAQ) - BARE International Europe<\/title>\n<meta name=\"robots\" content=\"index, follow, max-snippet:-1, max-image-preview:large, max-video-preview:-1\" \/>\n<link rel=\"canonical\" href=\"https:\/\/www.bareinternational.eu\/fr\/recommandation-des-clients-questions-frequemment-posees-faq\/\" \/>\n<meta property=\"og:locale\" content=\"fr_FR\" \/>\n<meta property=\"og:type\" content=\"article\" \/>\n<meta property=\"og:title\" content=\"RECOMMANDATION DES CLIENTS - Questions Fr\u00e9quemment Pos\u00e9es (FAQ) - BARE International Europe\" \/>\n<meta property=\"og:url\" content=\"https:\/\/www.bareinternational.eu\/fr\/recommandation-des-clients-questions-frequemment-posees-faq\/\" \/>\n<meta property=\"og:site_name\" content=\"BARE International Europe\" \/>\n<meta property=\"article:modified_time\" content=\"2020-04-22T14:30:47+00:00\" \/>\n<meta property=\"og:image\" content=\"https:\/\/www.bareinternational.eu\/wp-content\/uploads\/sites\/6\/2020\/04\/featured_client-referral.png\" \/>\n\t<meta property=\"og:image:width\" content=\"1080\" \/>\n\t<meta property=\"og:image:height\" content=\"1080\" \/>\n\t<meta property=\"og:image:type\" content=\"image\/png\" \/>\n<meta name=\"twitter:card\" content=\"summary_large_image\" \/>\n<meta name=\"twitter:label1\" content=\"Dur\u00e9e de lecture estim\u00e9e\" \/>\n\t<meta name=\"twitter:data1\" content=\"3 minutes\" \/>\n<script type=\"application\/ld+json\" class=\"yoast-schema-graph\">{\"@context\":\"https:\\\/\\\/schema.org\",\"@graph\":[{\"@type\":\"WebPage\",\"@id\":\"https:\\\/\\\/www.bareinternational.eu\\\/fr\\\/recommandation-des-clients-questions-frequemment-posees-faq\\\/\",\"url\":\"https:\\\/\\\/www.bareinternational.eu\\\/fr\\\/recommandation-des-clients-questions-frequemment-posees-faq\\\/\",\"name\":\"RECOMMANDATION DES CLIENTS - Questions Fr\u00e9quemment Pos\u00e9es (FAQ) - BARE International Europe\",\"isPartOf\":{\"@id\":\"https:\\\/\\\/www.bareinternational.eu\\\/es\\\/#website\"},\"primaryImageOfPage\":{\"@id\":\"https:\\\/\\\/www.bareinternational.eu\\\/fr\\\/recommandation-des-clients-questions-frequemment-posees-faq\\\/#primaryimage\"},\"image\":{\"@id\":\"https:\\\/\\\/www.bareinternational.eu\\\/fr\\\/recommandation-des-clients-questions-frequemment-posees-faq\\\/#primaryimage\"},\"thumbnailUrl\":\"https:\\\/\\\/www.bareinternational.eu\\\/wp-content\\\/uploads\\\/sites\\\/6\\\/2020\\\/04\\\/featured_client-referral.png\",\"datePublished\":\"2020-04-22T13:36:29+00:00\",\"dateModified\":\"2020-04-22T14:30:47+00:00\",\"breadcrumb\":{\"@id\":\"https:\\\/\\\/www.bareinternational.eu\\\/fr\\\/recommandation-des-clients-questions-frequemment-posees-faq\\\/#breadcrumb\"},\"inLanguage\":\"fr-FR\",\"potentialAction\":[{\"@type\":\"ReadAction\",\"target\":[\"https:\\\/\\\/www.bareinternational.eu\\\/fr\\\/recommandation-des-clients-questions-frequemment-posees-faq\\\/\"]}]},{\"@type\":\"ImageObject\",\"inLanguage\":\"fr-FR\",\"@id\":\"https:\\\/\\\/www.bareinternational.eu\\\/fr\\\/recommandation-des-clients-questions-frequemment-posees-faq\\\/#primaryimage\",\"url\":\"https:\\\/\\\/www.bareinternational.eu\\\/wp-content\\\/uploads\\\/sites\\\/6\\\/2020\\\/04\\\/featured_client-referral.png\",\"contentUrl\":\"https:\\\/\\\/www.bareinternational.eu\\\/wp-content\\\/uploads\\\/sites\\\/6\\\/2020\\\/04\\\/featured_client-referral.png\",\"width\":1080,\"height\":1080,\"caption\":\"Client referral\"},{\"@type\":\"BreadcrumbList\",\"@id\":\"https:\\\/\\\/www.bareinternational.eu\\\/fr\\\/recommandation-des-clients-questions-frequemment-posees-faq\\\/#breadcrumb\",\"itemListElement\":[{\"@type\":\"ListItem\",\"position\":1,\"name\":\"Home\",\"item\":\"https:\\\/\\\/www.bareinternational.eu\\\/fr\\\/home\\\/\"},{\"@type\":\"ListItem\",\"position\":2,\"name\":\"RECOMMANDATION DES CLIENTS &#8211; Questions Fr\u00e9quemment Pos\u00e9es (FAQ)\"}]},{\"@type\":\"WebSite\",\"@id\":\"https:\\\/\\\/www.bareinternational.eu\\\/es\\\/#website\",\"url\":\"https:\\\/\\\/www.bareinternational.eu\\\/es\\\/\",\"name\":\"BARE International Europe\",\"description\":\"Discover the path to experience excellence.\",\"publisher\":{\"@id\":\"https:\\\/\\\/www.bareinternational.eu\\\/es\\\/#organization\"},\"potentialAction\":[{\"@type\":\"SearchAction\",\"target\":{\"@type\":\"EntryPoint\",\"urlTemplate\":\"https:\\\/\\\/www.bareinternational.eu\\\/es\\\/?s={search_term_string}\"},\"query-input\":{\"@type\":\"PropertyValueSpecification\",\"valueRequired\":true,\"valueName\":\"search_term_string\"}}],\"inLanguage\":\"fr-FR\"},{\"@type\":\"Organization\",\"@id\":\"https:\\\/\\\/www.bareinternational.eu\\\/es\\\/#organization\",\"name\":\"BARE International\",\"url\":\"https:\\\/\\\/www.bareinternational.eu\\\/es\\\/\",\"logo\":{\"@type\":\"ImageObject\",\"inLanguage\":\"fr-FR\",\"@id\":\"https:\\\/\\\/www.bareinternational.eu\\\/es\\\/#\\\/schema\\\/logo\\\/image\\\/\",\"url\":\"https:\\\/\\\/www.bareinternational.eu\\\/wp-content\\\/uploads\\\/sites\\\/6\\\/2022\\\/07\\\/BARE-Logo-WP-2022.png\",\"contentUrl\":\"https:\\\/\\\/www.bareinternational.eu\\\/wp-content\\\/uploads\\\/sites\\\/6\\\/2022\\\/07\\\/BARE-Logo-WP-2022.png\",\"width\":340,\"height\":135,\"caption\":\"BARE International\"},\"image\":{\"@id\":\"https:\\\/\\\/www.bareinternational.eu\\\/es\\\/#\\\/schema\\\/logo\\\/image\\\/\"}}]}<\/script>\n<!-- \/ Yoast SEO plugin. -->","yoast_head_json":{"title":"RECOMMANDATION DES CLIENTS - Questions Fr\u00e9quemment Pos\u00e9es (FAQ) - BARE International Europe","robots":{"index":"index","follow":"follow","max-snippet":"max-snippet:-1","max-image-preview":"max-image-preview:large","max-video-preview":"max-video-preview:-1"},"canonical":"https:\/\/www.bareinternational.eu\/fr\/recommandation-des-clients-questions-frequemment-posees-faq\/","og_locale":"fr_FR","og_type":"article","og_title":"RECOMMANDATION DES CLIENTS - Questions Fr\u00e9quemment Pos\u00e9es (FAQ) - BARE International Europe","og_url":"https:\/\/www.bareinternational.eu\/fr\/recommandation-des-clients-questions-frequemment-posees-faq\/","og_site_name":"BARE International Europe","article_modified_time":"2020-04-22T14:30:47+00:00","og_image":[{"width":1080,"height":1080,"url":"https:\/\/www.bareinternational.eu\/wp-content\/uploads\/sites\/6\/2020\/04\/featured_client-referral.png","type":"image\/png"}],"twitter_card":"summary_large_image","twitter_misc":{"Dur\u00e9e de lecture estim\u00e9e":"3 minutes"},"schema":{"@context":"https:\/\/schema.org","@graph":[{"@type":"WebPage","@id":"https:\/\/www.bareinternational.eu\/fr\/recommandation-des-clients-questions-frequemment-posees-faq\/","url":"https:\/\/www.bareinternational.eu\/fr\/recommandation-des-clients-questions-frequemment-posees-faq\/","name":"RECOMMANDATION DES CLIENTS - Questions Fr\u00e9quemment Pos\u00e9es (FAQ) - BARE International Europe","isPartOf":{"@id":"https:\/\/www.bareinternational.eu\/es\/#website"},"primaryImageOfPage":{"@id":"https:\/\/www.bareinternational.eu\/fr\/recommandation-des-clients-questions-frequemment-posees-faq\/#primaryimage"},"image":{"@id":"https:\/\/www.bareinternational.eu\/fr\/recommandation-des-clients-questions-frequemment-posees-faq\/#primaryimage"},"thumbnailUrl":"https:\/\/www.bareinternational.eu\/wp-content\/uploads\/sites\/6\/2020\/04\/featured_client-referral.png","datePublished":"2020-04-22T13:36:29+00:00","dateModified":"2020-04-22T14:30:47+00:00","breadcrumb":{"@id":"https:\/\/www.bareinternational.eu\/fr\/recommandation-des-clients-questions-frequemment-posees-faq\/#breadcrumb"},"inLanguage":"fr-FR","potentialAction":[{"@type":"ReadAction","target":["https:\/\/www.bareinternational.eu\/fr\/recommandation-des-clients-questions-frequemment-posees-faq\/"]}]},{"@type":"ImageObject","inLanguage":"fr-FR","@id":"https:\/\/www.bareinternational.eu\/fr\/recommandation-des-clients-questions-frequemment-posees-faq\/#primaryimage","url":"https:\/\/www.bareinternational.eu\/wp-content\/uploads\/sites\/6\/2020\/04\/featured_client-referral.png","contentUrl":"https:\/\/www.bareinternational.eu\/wp-content\/uploads\/sites\/6\/2020\/04\/featured_client-referral.png","width":1080,"height":1080,"caption":"Client referral"},{"@type":"BreadcrumbList","@id":"https:\/\/www.bareinternational.eu\/fr\/recommandation-des-clients-questions-frequemment-posees-faq\/#breadcrumb","itemListElement":[{"@type":"ListItem","position":1,"name":"Home","item":"https:\/\/www.bareinternational.eu\/fr\/home\/"},{"@type":"ListItem","position":2,"name":"RECOMMANDATION DES CLIENTS &#8211; Questions Fr\u00e9quemment Pos\u00e9es (FAQ)"}]},{"@type":"WebSite","@id":"https:\/\/www.bareinternational.eu\/es\/#website","url":"https:\/\/www.bareinternational.eu\/es\/","name":"BARE International Europe","description":"Discover the path to experience excellence.","publisher":{"@id":"https:\/\/www.bareinternational.eu\/es\/#organization"},"potentialAction":[{"@type":"SearchAction","target":{"@type":"EntryPoint","urlTemplate":"https:\/\/www.bareinternational.eu\/es\/?s={search_term_string}"},"query-input":{"@type":"PropertyValueSpecification","valueRequired":true,"valueName":"search_term_string"}}],"inLanguage":"fr-FR"},{"@type":"Organization","@id":"https:\/\/www.bareinternational.eu\/es\/#organization","name":"BARE International","url":"https:\/\/www.bareinternational.eu\/es\/","logo":{"@type":"ImageObject","inLanguage":"fr-FR","@id":"https:\/\/www.bareinternational.eu\/es\/#\/schema\/logo\/image\/","url":"https:\/\/www.bareinternational.eu\/wp-content\/uploads\/sites\/6\/2022\/07\/BARE-Logo-WP-2022.png","contentUrl":"https:\/\/www.bareinternational.eu\/wp-content\/uploads\/sites\/6\/2022\/07\/BARE-Logo-WP-2022.png","width":340,"height":135,"caption":"BARE International"},"image":{"@id":"https:\/\/www.bareinternational.eu\/es\/#\/schema\/logo\/image\/"}}]}},"_links":{"self":[{"href":"https:\/\/www.bareinternational.eu\/fr\/wp-json\/wp\/v2\/pages\/20994","targetHints":{"allow":["GET"]}}],"collection":[{"href":"https:\/\/www.bareinternational.eu\/fr\/wp-json\/wp\/v2\/pages"}],"about":[{"href":"https:\/\/www.bareinternational.eu\/fr\/wp-json\/wp\/v2\/types\/page"}],"author":[{"embeddable":true,"href":"https:\/\/www.bareinternational.eu\/fr\/wp-json\/wp\/v2\/users\/56"}],"replies":[{"embeddable":true,"href":"https:\/\/www.bareinternational.eu\/fr\/wp-json\/wp\/v2\/comments?post=20994"}],"version-history":[{"count":0,"href":"https:\/\/www.bareinternational.eu\/fr\/wp-json\/wp\/v2\/pages\/20994\/revisions"}],"wp:featuredmedia":[{"embeddable":true,"href":"https:\/\/www.bareinternational.eu\/fr\/wp-json\/wp\/v2\/media\/20944"}],"wp:attachment":[{"href":"https:\/\/www.bareinternational.eu\/fr\/wp-json\/wp\/v2\/media?parent=20994"}],"curies":[{"name":"wp","href":"https:\/\/api.w.org\/{rel}","templated":true}]}}