{"id":31402,"date":"2025-03-24T04:07:41","date_gmt":"2025-03-24T03:07:41","guid":{"rendered":"https:\/\/www.bareinternational.eu\/evaluator-login\/"},"modified":"2025-08-29T05:47:05","modified_gmt":"2025-08-29T04:47:05","slug":"login-del-evaluador","status":"publish","type":"page","link":"https:\/\/www.bareinternational.eu\/es\/login-del-evaluador\/","title":{"rendered":"Login del evaluador"},"content":{"rendered":"<div id='about-us'  class='avia-section av-70t0yx0-ab0991bafdb0394305eeef8f9824df5a main_color avia-section-large avia-no-border-styling  avia-builder-el-0  el_before_av_layout_row  avia-builder-el-first  avia-bg-style-scroll container_wrap sidebar_right'  ><div class='container av-section-cont-open' ><main  role=\"main\" itemprop=\"mainContentOfPage\"  class='template-page content  av-content-small alpha units'><div class='post-entry post-entry-type-page post-entry-31402'><div class='entry-content-wrapper clearfix'>\n\n<style type=\"text\/css\" data-created_by=\"avia_inline_auto\" id=\"style-css-av-6pkl7ok-8bf0c21db6e8cbcc8ca272a300bc0029\">\n#top .av-special-heading.av-6pkl7ok-8bf0c21db6e8cbcc8ca272a300bc0029{\npadding-bottom:30px;\nfont-size:70px;\n}\nbody .av-special-heading.av-6pkl7ok-8bf0c21db6e8cbcc8ca272a300bc0029 .av-special-heading-tag .heading-char{\nfont-size:25px;\n}\n#top #wrap_all .av-special-heading.av-6pkl7ok-8bf0c21db6e8cbcc8ca272a300bc0029 .av-special-heading-tag{\nfont-size:70px;\n}\n.av-special-heading.av-6pkl7ok-8bf0c21db6e8cbcc8ca272a300bc0029 .av-subheading{\nfont-size:15px;\n}\n\n@media only screen and (min-width: 480px) and (max-width: 767px){ \n#top #wrap_all .av-special-heading.av-6pkl7ok-8bf0c21db6e8cbcc8ca272a300bc0029 .av-special-heading-tag{\nfont-size:0.8em;\n}\n}\n\n@media only screen and (max-width: 479px){ \n#top #wrap_all .av-special-heading.av-6pkl7ok-8bf0c21db6e8cbcc8ca272a300bc0029 .av-special-heading-tag{\nfont-size:0.8em;\n}\n}\n<\/style>\n<div  class='av-special-heading av-6pkl7ok-8bf0c21db6e8cbcc8ca272a300bc0029 av-special-heading-h1 blockquote modern-quote  avia-builder-el-1  el_before_av_textblock  avia-builder-el-first  av-thin-font av-inherit-size'><h1 class='av-special-heading-tag '  itemprop=\"headline\"  > Login del evaluador<strong>.<\/strong><\/h1><div class=\"special-heading-border\"><div class=\"special-heading-inner-border\"><\/div><\/div><\/div>\n<section  id=\"becomeanevaluator\"  class='av_textblock_section av-6cj4x6s-db05e29fe502450a53fd82792af4c2b3 '   itemscope=\"itemscope\" itemtype=\"https:\/\/schema.org\/CreativeWork\" ><div class='avia_textblock'  itemprop=\"text\" ><p>Los evaluadores tienen dos maneras convenientes de acceder a oportunidades con nosotros: Apollo y Shopmetrics. Este enfoque multisitio nos permite ofrecer m\u00e1s servicios y aumentar el potencial de ingresos.<\/p>\n<p><em>Actualmente, puedes iniciar sesi\u00f3n en Shopmetrics directamente si ya tienes una cuenta, pero solo puedes registrarte a trav\u00e9s de Apollo. Al registrarte en Apollo, recibir\u00e1s autom\u00e1ticamente credenciales para ambas plataformas. Si no has iniciado sesi\u00f3n en Apollo durante un tiempo, hazlo. Una vez que completes tu perfil correctamente, tu cuenta de Shopmetrics se crear\u00e1 autom\u00e1ticamente.<\/em><\/p>\n<\/div><\/section>\n\n<style type=\"text\/css\" data-created_by=\"avia_inline_auto\" id=\"style-css-av-5lnnj5w-bfd3e9f27336f246abbc394246f61f61\">\n.flex_column.av-5lnnj5w-bfd3e9f27336f246abbc394246f61f61{\nborder-width:3px;\nborder-color:#dad5d5;\nborder-style:solid;\npadding:20px 20px 20px 20px;\n}\n<\/style>\n<div  class='flex_column av-5lnnj5w-bfd3e9f27336f246abbc394246f61f61 av_one_half  avia-builder-el-3  el_after_av_textblock  el_before_av_one_half  first flex_column_div  column-top-margin'     ><section  class='av_textblock_section av-5ak1dxg-5cd11552fcdb383e016d59979b701cd5 '   itemscope=\"itemscope\" itemtype=\"https:\/\/schema.org\/CreativeWork\" ><div class='avia_textblock'  itemprop=\"text\" ><h2>Shopmetrics Login<\/h2>\n<\/div><\/section><br \/>\n<section  class='av_textblock_section av-huq31g-41312bce499faeb04d142cece8a87151 '   itemscope=\"itemscope\" itemtype=\"https:\/\/schema.org\/CreativeWork\" ><div class='avia_textblock'  itemprop=\"text\" ><p><strong>Europe Site<\/strong><\/p>\n<\/div><\/section><br \/>\n<div  class='avia-button-wrap av-4aj2pqc-6536d6c12fa69b5a41b20f307b6665ce-wrap avia-button-left  avia-builder-el-6  el_after_av_textblock  el_before_av_hr '><a href='https:\/\/eu.bareinternational.com\/auth\/index.asp#login'  class='avia-button av-4aj2pqc-6536d6c12fa69b5a41b20f307b6665ce av-link-btn avia-icon_select-no avia-size-large avia-position-left av-icon-on-hover avia-color-theme-color'  target=\"_blank\"  rel=\"noopener noreferrer\"  aria-label=\"SHOPMETRICS LOGIN\"><span class='avia_iconbox_title' >SHOPMETRICS LOGIN<\/span><\/a><\/div><br \/>\n<div  class='hr av-41s29k4-f27c6755d6c12fe385fa445f5ee2634d hr-short  avia-builder-el-7  el_after_av_button  el_before_av_textblock  hr-center'><span class='hr-inner '><span class=\"hr-inner-style\"><\/span><\/span><\/div><br \/>\n<section  class='av_textblock_section av-3dj4iec-043ee3ac0f77b8213fc5b7c016ebd69d '   itemscope=\"itemscope\" itemtype=\"https:\/\/schema.org\/CreativeWork\" ><div class='avia_textblock'  itemprop=\"text\" ><p><strong>\u00bfBuscas un pa\u00eds\/regi\u00f3n diferente?<\/strong><\/p>\n<\/div><\/section><br \/>\n<br \/>\n<section  class='av_textblock_section av-2ix35no-4a91665b5ec2fe220517baafc2d2ec15 '   itemscope=\"itemscope\" itemtype=\"https:\/\/schema.org\/CreativeWork\" ><div class='avia_textblock'  itemprop=\"text\" ><p>Nota: Si es la primera vez que inicias sesi\u00f3n, usar\u00e1s tu direcci\u00f3n de correo electr\u00f3nico de Apollo y deber\u00e1s hacer clic en <a href=\"https:\/\/eu.bareinternational.com\/auth\/index.asp?_gl=1*19qcupc*_gcl_au*MTExMzk3MjE3My4xNzU1MTA2Mzc1*_ga*MzEyODM4NzE1LjE3NDY3MTg4MDI.*_ga_GE3VY2131M*czE3NTY0NDEwNjUkbzQzJGcxJHQxNzU2NDQxMTE3JGo4JGwwJGgw#forgotPassword\">Olvid\u00e9 mi contrase\u00f1a<\/a>\u00a0para restablecerla y obtener acceso.<\/p>\n<p>\u00bfEres un evaluador actual de Apollo? <a href=\"https:\/\/www.bareinternational.eu\/es\/evaluadores\/#faq\">\u00a1Consulta nuestras preguntas frecuentes de Shopmetrics aqu\u00ed!<\/a><\/p>\n<\/div><\/section><\/p><\/div>\n<style type=\"text\/css\" data-created_by=\"avia_inline_auto\" id=\"style-css-av-20tv86c-e21f69a504597138396b2dbe4988c632\">\n.flex_column.av-20tv86c-e21f69a504597138396b2dbe4988c632{\nborder-width:3px;\nborder-color:#dad5d5;\nborder-style:solid;\nborder-radius:0px 0px 0px 0px;\npadding:20px 20px 20px 20px;\n}\n<\/style>\n<div  class='flex_column av-20tv86c-e21f69a504597138396b2dbe4988c632 av_one_half  avia-builder-el-11  el_after_av_one_half  avia-builder-el-last  flex_column_div  column-top-margin'     ><section  class='av_textblock_section av-1nffop0-a9d796e80c928c822637a3bffd0c97eb '   itemscope=\"itemscope\" itemtype=\"https:\/\/schema.org\/CreativeWork\" ><div class='avia_textblock'  itemprop=\"text\" ><h2>Apollo Login<\/h2>\n<\/div><\/section><br \/>\n<section  class='av_textblock_section av-16mja2s-25c74fc9a0ec6ffb66a186d4ee094e47 '   itemscope=\"itemscope\" itemtype=\"https:\/\/schema.org\/CreativeWork\" ><div class='avia_textblock'  itemprop=\"text\" ><p><strong>Todas las regiones<\/strong><\/p>\n<\/div><\/section><br \/>\n<div  class='avia-button-wrap av-snv010-0c49da8cd9054c475a317b15fe610f38-wrap avia-button-left  avia-builder-el-14  el_after_av_textblock  avia-builder-el-last '><a href='https:\/\/www.apollo.bareinternational.com\/shoppers\/LoginShopper.norm.php?_gl=1*agrw8r*_gcl_au*MTExODM3MjQ2Mi4xNzM4MjUwNzc2*_ga*ODYwMTYwODY1LjE3MzgyNTA3NzI.*_ga_GE3VY2131M*MTc0MDAyOTAxNy4xNy4wLjE3NDAwMjkwMTcuNjAuMC4w'  class='avia-button av-snv010-0c49da8cd9054c475a317b15fe610f38 av-link-btn avia-icon_select-no avia-size-large avia-position-left av-icon-on-hover avia-color-theme-color'  target=\"_blank\"  rel=\"noopener noreferrer\"  aria-label=\"APOLLO LOGIN\"><span class='avia_iconbox_title' >APOLLO LOGIN<\/span><\/a><\/div><\/p><\/div><\/div><\/div><\/main><!-- close content main element --><\/div><\/div><div id='av-layout-grid-1'  class='av-layout-grid-container av-av_layout_row-7876f372c854588096c24183dd851293 entry-content-wrapper main_color av-flex-cells  avia-builder-el-15  el_after_av_section  avia-builder-el-last  grid-row-not-first  container_wrap sidebar_right'  >\n\n<style type=\"text\/css\" data-created_by=\"avia_inline_auto\" id=\"style-css-av-av_cell_one_third-27c21b77b7b1b330f688dc9d1011c8f5\">\n.flex_cell.av-av_cell_one_third-27c21b77b7b1b330f688dc9d1011c8f5{\nvertical-align:middle;\nbackground-color:#da291c;\n}\n.responsive #top #wrap_all .flex_cell.av-av_cell_one_third-27c21b77b7b1b330f688dc9d1011c8f5{\npadding:50px 50px 50px 50px !important;\n}\n<\/style>\n<div class='flex_cell av-av_cell_one_third-27c21b77b7b1b330f688dc9d1011c8f5 av-gridrow-cell av_one_third no_margin  avia-builder-el-16  el_before_av_cell_one_third  avia-builder-el-first  content-align-middle avia-full-stretch'  ><div class='flex_cell_inner'>\n<style type=\"text\/css\" data-created_by=\"avia_inline_auto\" id=\"style-css-av-av_animated_numbers-58db8ad1a89b363f27818b0b705d01ac\">\n.avia-animated-number.av-av_animated_numbers-58db8ad1a89b363f27818b0b705d01ac .avia-animated-number-icon.avia-svg-icon svg:first-child{\nfill:#ffffff;\nstroke:#ffffff;\n}\n#top .avia-animated-number.av-av_animated_numbers-58db8ad1a89b363f27818b0b705d01ac .avia-animated-number-title{\nfont-size:50px;\ncolor:#ffffff;\n}\n#top .avia-animated-number.av-av_animated_numbers-58db8ad1a89b363f27818b0b705d01ac .avia-animated-number-content{\nfont-size:22px;\ncolor:#444444;\n}\n<\/style>\n<div  class=\"avia-animated-number av-av_animated_numbers-58db8ad1a89b363f27818b0b705d01ac av-force-default-color avia_animate_when_visible  avia-builder-el-17  avia-builder-el-no-sibling  avia-color-font-custom \" data-timer=\"3000\"><strong class=\"heading avia-animated-number-title\"><span class=\"avia-single-number __av-single-number\" data-number_format=\"\" data-number=\"250\" data-start_from=\"0\">250<\/span><span class=\"avia-no-number\">.<\/span><span class=\"avia-single-number __av-single-number\" data-number_format=\"\" data-number=\"000\" data-start_from=\"0\">000<\/span><span class=\"avia-no-number\">+ Evaluaciones<\/span><\/strong><div class=\"avia-animated-number-content\"><p>completadas en todo el mundo cada a\u00f1o<\/p>\n<\/div><\/div>\n<\/div><\/div>\n<style type=\"text\/css\" data-created_by=\"avia_inline_auto\" id=\"style-css-av-av_cell_one_third-5893a9a318ac1b503bba29549136c04a\">\n.flex_cell.av-av_cell_one_third-5893a9a318ac1b503bba29549136c04a{\nvertical-align:middle;\nbackground-color:#ff9e1b;\n}\n.responsive #top #wrap_all .flex_cell.av-av_cell_one_third-5893a9a318ac1b503bba29549136c04a{\npadding:50px 50px 50px 50px !important;\n}\n<\/style>\n<div class='flex_cell av-av_cell_one_third-5893a9a318ac1b503bba29549136c04a av-gridrow-cell av_one_third no_margin  avia-builder-el-18  el_after_av_cell_one_third  el_before_av_cell_one_third  content-align-middle avia-full-stretch'  ><div class='flex_cell_inner'>\n<style type=\"text\/css\" data-created_by=\"avia_inline_auto\" id=\"style-css-av-av_animated_numbers-558b69774fb54eba540eb7561151799e\">\n.avia-animated-number.av-av_animated_numbers-558b69774fb54eba540eb7561151799e .avia-animated-number-icon.avia-svg-icon svg:first-child{\nfill:#ffffff;\nstroke:#ffffff;\n}\n#top .avia-animated-number.av-av_animated_numbers-558b69774fb54eba540eb7561151799e .avia-animated-number-title{\nfont-size:50px;\ncolor:#ffffff;\n}\n#top .avia-animated-number.av-av_animated_numbers-558b69774fb54eba540eb7561151799e .avia-animated-number-content{\nfont-size:22px;\ncolor:#444444;\n}\n<\/style>\n<div  class=\"avia-animated-number av-av_animated_numbers-558b69774fb54eba540eb7561151799e av-force-default-color avia_animate_when_visible  avia-builder-el-19  avia-builder-el-no-sibling  avia-color-font-custom \" data-timer=\"3000\"><strong class=\"heading avia-animated-number-title\"><span class=\"avia-single-number __av-single-number\" data-number_format=\"\" data-number=\"13\" data-start_from=\"0\">13<\/span><span class=\"avia-no-number\"> Ubicaciones<\/span><\/strong><div class=\"avia-animated-number-content\"><p>alrededor del mundo<\/p>\n<\/div><\/div>\n<\/div><\/div>\n<style type=\"text\/css\" data-created_by=\"avia_inline_auto\" id=\"style-css-av-av_cell_one_third-59bdb8bd8e4593dd9bed5390ffd36ce3\">\n.flex_cell.av-av_cell_one_third-59bdb8bd8e4593dd9bed5390ffd36ce3{\nvertical-align:middle;\nbackground-color:#7474c1;\n}\n.responsive #top #wrap_all .flex_cell.av-av_cell_one_third-59bdb8bd8e4593dd9bed5390ffd36ce3{\npadding:50px 50px 50px 50px !important;\n}\n<\/style>\n<div class='flex_cell av-av_cell_one_third-59bdb8bd8e4593dd9bed5390ffd36ce3 av-gridrow-cell av_one_third no_margin  avia-builder-el-20  el_after_av_cell_one_third  avia-builder-el-last  content-align-middle avia-full-stretch'  ><div class='flex_cell_inner'>\n<style type=\"text\/css\" data-created_by=\"avia_inline_auto\" id=\"style-css-av-av_animated_numbers-68fd212ea3621a4c19ed383e5718952e\">\n.avia-animated-number.av-av_animated_numbers-68fd212ea3621a4c19ed383e5718952e .avia-animated-number-icon.avia-svg-icon svg:first-child{\nfill:#ffffff;\nstroke:#ffffff;\n}\n#top .avia-animated-number.av-av_animated_numbers-68fd212ea3621a4c19ed383e5718952e .avia-animated-number-title{\nfont-size:50px;\ncolor:#ffffff;\n}\n#top .avia-animated-number.av-av_animated_numbers-68fd212ea3621a4c19ed383e5718952e .avia-animated-number-content{\nfont-size:22px;\ncolor:#444444;\n}\n<\/style>\n<div  class=\"avia-animated-number av-av_animated_numbers-68fd212ea3621a4c19ed383e5718952e av-force-default-color avia_animate_when_visible  avia-builder-el-21  avia-builder-el-no-sibling  avia-color-font-custom \" data-timer=\"3000\"><strong class=\"heading avia-animated-number-title\"><span class=\"avia-single-number __av-single-number\" data-number_format=\"\" data-number=\"165\" data-start_from=\"0\">165<\/span><span class=\"avia-no-number\"> Pa\u00edses<\/span><\/strong><div class=\"avia-animated-number-content\"><p>en la red BARE<\/p>\n<\/div><\/div>\n<\/div><\/div>\n<\/div><\/p>\n","protected":false},"excerpt":{"rendered":"","protected":false},"author":24,"featured_media":31403,"parent":0,"menu_order":0,"comment_status":"closed","ping_status":"closed","template":"","meta":{"footnotes":""},"class_list":["post-31402","page","type-page","status-publish","has-post-thumbnail","hentry"],"yoast_head":"<!-- This site is optimized with the Yoast SEO plugin v27.3 - https:\/\/yoast.com\/product\/yoast-seo-wordpress\/ -->\n<title>Login del evaluador - BARE International Europe<\/title>\n<meta name=\"description\" content=\"BARE International is a premier mystery shopping and secret shopper company, which allows us to provide the very best secret shoppers and mystery evaluators\" \/>\n<meta name=\"robots\" content=\"index, follow, max-snippet:-1, max-image-preview:large, max-video-preview:-1\" \/>\n<link rel=\"canonical\" href=\"https:\/\/www.bareinternational.eu\/es\/login-del-evaluador\/\" \/>\n<meta property=\"og:locale\" content=\"es_ES\" \/>\n<meta property=\"og:type\" content=\"article\" \/>\n<meta property=\"og:title\" content=\"Login del evaluador - BARE International Europe\" \/>\n<meta property=\"og:description\" content=\"BARE International is a premier mystery shopping and secret shopper company, which allows us to provide the very best secret shoppers and mystery evaluators\" \/>\n<meta property=\"og:url\" content=\"https:\/\/www.bareinternational.eu\/es\/login-del-evaluador\/\" \/>\n<meta property=\"og:site_name\" content=\"BARE International Europe\" \/>\n<meta property=\"article:modified_time\" content=\"2025-08-29T04:47:05+00:00\" \/>\n<meta property=\"og:image\" content=\"https:\/\/www.bareinternational.eu\/wp-content\/uploads\/sites\/6\/2025\/03\/Evaluators-Page-1030x579.png\" \/>\n\t<meta property=\"og:image:width\" content=\"1030\" \/>\n\t<meta property=\"og:image:height\" content=\"579\" \/>\n\t<meta property=\"og:image:type\" content=\"image\/png\" \/>\n<meta name=\"twitter:card\" content=\"summary_large_image\" \/>\n<meta name=\"twitter:label1\" content=\"Tiempo de lectura\" \/>\n\t<meta name=\"twitter:data1\" content=\"1 minuto\" \/>\n<script type=\"application\/ld+json\" class=\"yoast-schema-graph\">{\"@context\":\"https:\\\/\\\/schema.org\",\"@graph\":[{\"@type\":\"WebPage\",\"@id\":\"https:\\\/\\\/www.bareinternational.eu\\\/es\\\/login-del-evaluador\\\/\",\"url\":\"https:\\\/\\\/www.bareinternational.eu\\\/es\\\/login-del-evaluador\\\/\",\"name\":\"Login del evaluador - BARE International Europe\",\"isPartOf\":{\"@id\":\"https:\\\/\\\/www.bareinternational.eu\\\/es\\\/#website\"},\"primaryImageOfPage\":{\"@id\":\"https:\\\/\\\/www.bareinternational.eu\\\/es\\\/login-del-evaluador\\\/#primaryimage\"},\"image\":{\"@id\":\"https:\\\/\\\/www.bareinternational.eu\\\/es\\\/login-del-evaluador\\\/#primaryimage\"},\"thumbnailUrl\":\"https:\\\/\\\/www.bareinternational.eu\\\/wp-content\\\/uploads\\\/sites\\\/6\\\/2025\\\/03\\\/Evaluators-Page.png\",\"datePublished\":\"2025-03-24T03:07:41+00:00\",\"dateModified\":\"2025-08-29T04:47:05+00:00\",\"description\":\"BARE International is a premier mystery shopping and secret shopper company, which allows us to provide the very best secret shoppers and mystery evaluators\",\"breadcrumb\":{\"@id\":\"https:\\\/\\\/www.bareinternational.eu\\\/es\\\/login-del-evaluador\\\/#breadcrumb\"},\"inLanguage\":\"es\",\"potentialAction\":[{\"@type\":\"ReadAction\",\"target\":[\"https:\\\/\\\/www.bareinternational.eu\\\/es\\\/login-del-evaluador\\\/\"]}]},{\"@type\":\"ImageObject\",\"inLanguage\":\"es\",\"@id\":\"https:\\\/\\\/www.bareinternational.eu\\\/es\\\/login-del-evaluador\\\/#primaryimage\",\"url\":\"https:\\\/\\\/www.bareinternational.eu\\\/wp-content\\\/uploads\\\/sites\\\/6\\\/2025\\\/03\\\/Evaluators-Page.png\",\"contentUrl\":\"https:\\\/\\\/www.bareinternational.eu\\\/wp-content\\\/uploads\\\/sites\\\/6\\\/2025\\\/03\\\/Evaluators-Page.png\",\"width\":1920,\"height\":1080,\"caption\":\"Group of seven smiling, happy individuals against a red background.\"},{\"@type\":\"BreadcrumbList\",\"@id\":\"https:\\\/\\\/www.bareinternational.eu\\\/es\\\/login-del-evaluador\\\/#breadcrumb\",\"itemListElement\":[{\"@type\":\"ListItem\",\"position\":1,\"name\":\"Home\",\"item\":\"https:\\\/\\\/www.bareinternational.eu\\\/es\\\/home\\\/\"},{\"@type\":\"ListItem\",\"position\":2,\"name\":\"Login del evaluador\"}]},{\"@type\":\"WebSite\",\"@id\":\"https:\\\/\\\/www.bareinternational.eu\\\/es\\\/#website\",\"url\":\"https:\\\/\\\/www.bareinternational.eu\\\/es\\\/\",\"name\":\"BARE International Europe\",\"description\":\"Discover the path to experience excellence.\",\"publisher\":{\"@id\":\"https:\\\/\\\/www.bareinternational.eu\\\/es\\\/#organization\"},\"potentialAction\":[{\"@type\":\"SearchAction\",\"target\":{\"@type\":\"EntryPoint\",\"urlTemplate\":\"https:\\\/\\\/www.bareinternational.eu\\\/es\\\/?s={search_term_string}\"},\"query-input\":{\"@type\":\"PropertyValueSpecification\",\"valueRequired\":true,\"valueName\":\"search_term_string\"}}],\"inLanguage\":\"es\"},{\"@type\":\"Organization\",\"@id\":\"https:\\\/\\\/www.bareinternational.eu\\\/es\\\/#organization\",\"name\":\"BARE International\",\"url\":\"https:\\\/\\\/www.bareinternational.eu\\\/es\\\/\",\"logo\":{\"@type\":\"ImageObject\",\"inLanguage\":\"es\",\"@id\":\"https:\\\/\\\/www.bareinternational.eu\\\/es\\\/#\\\/schema\\\/logo\\\/image\\\/\",\"url\":\"https:\\\/\\\/www.bareinternational.eu\\\/wp-content\\\/uploads\\\/sites\\\/6\\\/2022\\\/07\\\/BARE-Logo-WP-2022.png\",\"contentUrl\":\"https:\\\/\\\/www.bareinternational.eu\\\/wp-content\\\/uploads\\\/sites\\\/6\\\/2022\\\/07\\\/BARE-Logo-WP-2022.png\",\"width\":340,\"height\":135,\"caption\":\"BARE International\"},\"image\":{\"@id\":\"https:\\\/\\\/www.bareinternational.eu\\\/es\\\/#\\\/schema\\\/logo\\\/image\\\/\"}}]}<\/script>\n<!-- \/ Yoast SEO plugin. -->","yoast_head_json":{"title":"Login del evaluador - BARE International Europe","description":"BARE International is a premier mystery shopping and secret shopper company, which allows us to provide the very best secret shoppers and mystery evaluators","robots":{"index":"index","follow":"follow","max-snippet":"max-snippet:-1","max-image-preview":"max-image-preview:large","max-video-preview":"max-video-preview:-1"},"canonical":"https:\/\/www.bareinternational.eu\/es\/login-del-evaluador\/","og_locale":"es_ES","og_type":"article","og_title":"Login del evaluador - BARE International Europe","og_description":"BARE International is a premier mystery shopping and secret shopper company, which allows us to provide the very best secret shoppers and mystery evaluators","og_url":"https:\/\/www.bareinternational.eu\/es\/login-del-evaluador\/","og_site_name":"BARE International Europe","article_modified_time":"2025-08-29T04:47:05+00:00","og_image":[{"width":1030,"height":579,"url":"https:\/\/www.bareinternational.eu\/wp-content\/uploads\/sites\/6\/2025\/03\/Evaluators-Page-1030x579.png","type":"image\/png"}],"twitter_card":"summary_large_image","twitter_misc":{"Tiempo de lectura":"1 minuto"},"schema":{"@context":"https:\/\/schema.org","@graph":[{"@type":"WebPage","@id":"https:\/\/www.bareinternational.eu\/es\/login-del-evaluador\/","url":"https:\/\/www.bareinternational.eu\/es\/login-del-evaluador\/","name":"Login del evaluador - BARE International Europe","isPartOf":{"@id":"https:\/\/www.bareinternational.eu\/es\/#website"},"primaryImageOfPage":{"@id":"https:\/\/www.bareinternational.eu\/es\/login-del-evaluador\/#primaryimage"},"image":{"@id":"https:\/\/www.bareinternational.eu\/es\/login-del-evaluador\/#primaryimage"},"thumbnailUrl":"https:\/\/www.bareinternational.eu\/wp-content\/uploads\/sites\/6\/2025\/03\/Evaluators-Page.png","datePublished":"2025-03-24T03:07:41+00:00","dateModified":"2025-08-29T04:47:05+00:00","description":"BARE International is a premier mystery shopping and secret shopper company, which allows us to provide the very best secret shoppers and mystery evaluators","breadcrumb":{"@id":"https:\/\/www.bareinternational.eu\/es\/login-del-evaluador\/#breadcrumb"},"inLanguage":"es","potentialAction":[{"@type":"ReadAction","target":["https:\/\/www.bareinternational.eu\/es\/login-del-evaluador\/"]}]},{"@type":"ImageObject","inLanguage":"es","@id":"https:\/\/www.bareinternational.eu\/es\/login-del-evaluador\/#primaryimage","url":"https:\/\/www.bareinternational.eu\/wp-content\/uploads\/sites\/6\/2025\/03\/Evaluators-Page.png","contentUrl":"https:\/\/www.bareinternational.eu\/wp-content\/uploads\/sites\/6\/2025\/03\/Evaluators-Page.png","width":1920,"height":1080,"caption":"Group of seven smiling, happy individuals against a red background."},{"@type":"BreadcrumbList","@id":"https:\/\/www.bareinternational.eu\/es\/login-del-evaluador\/#breadcrumb","itemListElement":[{"@type":"ListItem","position":1,"name":"Home","item":"https:\/\/www.bareinternational.eu\/es\/home\/"},{"@type":"ListItem","position":2,"name":"Login del evaluador"}]},{"@type":"WebSite","@id":"https:\/\/www.bareinternational.eu\/es\/#website","url":"https:\/\/www.bareinternational.eu\/es\/","name":"BARE International Europe","description":"Discover the path to experience excellence.","publisher":{"@id":"https:\/\/www.bareinternational.eu\/es\/#organization"},"potentialAction":[{"@type":"SearchAction","target":{"@type":"EntryPoint","urlTemplate":"https:\/\/www.bareinternational.eu\/es\/?s={search_term_string}"},"query-input":{"@type":"PropertyValueSpecification","valueRequired":true,"valueName":"search_term_string"}}],"inLanguage":"es"},{"@type":"Organization","@id":"https:\/\/www.bareinternational.eu\/es\/#organization","name":"BARE International","url":"https:\/\/www.bareinternational.eu\/es\/","logo":{"@type":"ImageObject","inLanguage":"es","@id":"https:\/\/www.bareinternational.eu\/es\/#\/schema\/logo\/image\/","url":"https:\/\/www.bareinternational.eu\/wp-content\/uploads\/sites\/6\/2022\/07\/BARE-Logo-WP-2022.png","contentUrl":"https:\/\/www.bareinternational.eu\/wp-content\/uploads\/sites\/6\/2022\/07\/BARE-Logo-WP-2022.png","width":340,"height":135,"caption":"BARE International"},"image":{"@id":"https:\/\/www.bareinternational.eu\/es\/#\/schema\/logo\/image\/"}}]}},"_links":{"self":[{"href":"https:\/\/www.bareinternational.eu\/es\/wp-json\/wp\/v2\/pages\/31402","targetHints":{"allow":["GET"]}}],"collection":[{"href":"https:\/\/www.bareinternational.eu\/es\/wp-json\/wp\/v2\/pages"}],"about":[{"href":"https:\/\/www.bareinternational.eu\/es\/wp-json\/wp\/v2\/types\/page"}],"author":[{"embeddable":true,"href":"https:\/\/www.bareinternational.eu\/es\/wp-json\/wp\/v2\/users\/24"}],"replies":[{"embeddable":true,"href":"https:\/\/www.bareinternational.eu\/es\/wp-json\/wp\/v2\/comments?post=31402"}],"version-history":[{"count":0,"href":"https:\/\/www.bareinternational.eu\/es\/wp-json\/wp\/v2\/pages\/31402\/revisions"}],"wp:featuredmedia":[{"embeddable":true,"href":"https:\/\/www.bareinternational.eu\/es\/wp-json\/wp\/v2\/media\/31403"}],"wp:attachment":[{"href":"https:\/\/www.bareinternational.eu\/es\/wp-json\/wp\/v2\/media?parent=31402"}],"curies":[{"name":"wp","href":"https:\/\/api.w.org\/{rel}","templated":true}]}}