{"id":20990,"date":"2020-04-22T13:52:36","date_gmt":"2020-04-22T12:52:36","guid":{"rendered":"https:\/\/www.bareinternational.eu\/?page_id=20990\/"},"modified":"2020-04-22T15:31:18","modified_gmt":"2020-04-22T14:31:18","slug":"preguntas-frecuentes-sobre-la-recomendacion-de-un-cliente","status":"publish","type":"page","link":"https:\/\/www.bareinternational.eu\/es\/preguntas-frecuentes-sobre-la-recomendacion-de-un-cliente\/","title":{"rendered":"PREGUNTAS FRECUENTES SOBRE LA RECOMENDACI\u00d3N DE UN CLIENTE"},"content":{"rendered":"<section  class='av_textblock_section av-k9bfq9hh-8be16fd9978de1fbdb4110a230ccb6f7 '   itemscope=\"itemscope\" itemtype=\"https:\/\/schema.org\/CreativeWork\" ><div class='avia_textblock'  itemprop=\"text\" ><p style=\"text-align: left\"><span data-ccp-props=\"{\"><strong><img loading=\"lazy\" decoding=\"async\" class=\"size-full wp-image-20943\" src=\"https:\/\/www.bareinternational.eu\/wp-content\/uploads\/sites\/6\/2020\/04\/Road-Map-Email-Header.png\" alt=\"Client referral\" width=\"600\" height=\"200\" srcset=\"https:\/\/www.bareinternational.eu\/wp-content\/uploads\/sites\/6\/2020\/04\/Road-Map-Email-Header.png 600w, https:\/\/www.bareinternational.eu\/wp-content\/uploads\/sites\/6\/2020\/04\/Road-Map-Email-Header-300x100.png 300w\" sizes=\"auto, (max-width: 600px) 100vw, 600px\" \/><\/strong><\/span><\/p>\n<h2>PROGRAMA DE RECOMENDACI\u00d3N DE CLIENTES PARA EVALUADORES<\/h2>\n<p>Hace unas semanas\u00a0 hemos enviado una comunicaci\u00f3n sobre una nueva oportunidad de recomendaci\u00f3n de clientes.<\/p>\n<p><strong><a href=\"https:\/\/europe.createsend1.com\/t\/ViewEmail\/i\/6FC5C8A0683F5FC52540EF23F30FEDED\">ECHE UN VISTAZO<\/a><\/strong><\/p>\n<p>A\u00fan le recomendamos que mire a su alrededor y nos recomiende una compa\u00f1\u00eda, si tiene conexiones personales con ellos. Ya hemos recibido varias ideas recientemente, y agradecemos la ayuda y lealtad hacia la Familia BARE. Para comprender mejor c\u00f3mo funciona este programa y aclarar algunos puntos sobre los que muchos de ustedes nos preguntaron, nos gustar\u00eda compartir con ustedes algunas de las preguntas y respuestas frecuentes.<\/p>\n<\/div><\/section>\n<div  class='togglecontainer av-k91dhgnn-fa6d481c696efec6aa7732a6b93bc4f1  avia-builder-el-1  el_after_av_textblock  avia-builder-el-last  toggle_close_all' >\n<section class='av_toggle_section av-av_toggle-5ce22eab4834ba3f170a723111968e7c'  itemscope=\"itemscope\" itemtype=\"https:\/\/schema.org\/CreativeWork\" ><div role=\"tablist\" class=\"single_toggle\" data-tags=\"{Todo} \"  ><p id='toggle-toggle-id-1' data-fake-id='#toggle-id-1' class='toggler  av-title-above '  itemprop=\"headline\"  role='tab' tabindex='0' aria-controls='toggle-id-1' data-slide-speed=\"200\" data-title=\"&lt;b&gt;\u00bfPuedo solamente sugerir una empresa para que les contacten? &lt;\/b&gt; \" data-title-open=\"\" data-aria_collapsed=\"Click to expand: &lt;b&gt;\u00bfPuedo solamente sugerir una empresa para que les contacten? &lt;\/b&gt; \" data-aria_expanded=\"Click to collapse: &lt;b&gt;\u00bfPuedo solamente sugerir una empresa para que les contacten? &lt;\/b&gt; \"><b>\u00bfPuedo solamente sugerir una empresa para que les contacten? <\/b> <span class=\"toggle_icon\"><span class=\"vert_icon\"><\/span><span class=\"hor_icon\"><\/span><\/span><\/p><div id='toggle-id-1' aria-labelledby='toggle-toggle-id-1' role='region' class='toggle_wrap  av-title-above'  ><div class='toggle_content invers-color '  itemprop=\"text\" ><p>Le agradecemos su inter\u00e9s y sugerencias, pero no podemos considerarlos como clientes potenciales de \u00abpista activa\u00bb y desafortunadamente en caso de \u00e9xito, no podemos pagarle la tarifa de recomendaci\u00f3n.<\/p>\n<\/div><\/div><\/div><\/section>\n<section class='av_toggle_section av-av_toggle-5f4fd4d88ba19838d069ef3649d209d9'  itemscope=\"itemscope\" itemtype=\"https:\/\/schema.org\/CreativeWork\" ><div role=\"tablist\" class=\"single_toggle\" data-tags=\"{Todo} \"  ><p id='toggle-toggle-id-2' data-fake-id='#toggle-id-2' class='toggler  av-title-above '  itemprop=\"headline\"  role='tab' tabindex='0' aria-controls='toggle-id-2' data-slide-speed=\"200\" data-title=\"&lt;b&gt;\u00bfPuedo solamente sugerir una empresa para que les contacten? &lt;\/b&gt;\" data-title-open=\"\" data-aria_collapsed=\"Click to expand: &lt;b&gt;\u00bfPuedo solamente sugerir una empresa para que les contacten? &lt;\/b&gt;\" data-aria_expanded=\"Click to collapse: &lt;b&gt;\u00bfPuedo solamente sugerir una empresa para que les contacten? &lt;\/b&gt;\"><b>\u00bfPuedo solamente sugerir una empresa para que les contacten? <\/b><span class=\"toggle_icon\"><span class=\"vert_icon\"><\/span><span class=\"hor_icon\"><\/span><\/span><\/p><div id='toggle-id-2' aria-labelledby='toggle-toggle-id-2' role='region' class='toggle_wrap  av-title-above'  ><div class='toggle_content invers-color '  itemprop=\"text\" ><p>Le agradecemos su inter\u00e9s y sugerencias, pero no podemos considerarlos como clientes potenciales de \u00abpista activa\u00bb y desafortunadamente en caso de \u00e9xito, no podemos pagarle la tarifa de recomendaci\u00f3n.<\/p>\n<\/div><\/div><\/div><\/section>\n<section class='av_toggle_section av-av_toggle-307c0e57d5076be57ef8a8591649d6df'  itemscope=\"itemscope\" itemtype=\"https:\/\/schema.org\/CreativeWork\" ><div role=\"tablist\" class=\"single_toggle\" data-tags=\"{Todo} \"  ><p id='toggle-toggle-id-3' data-fake-id='#toggle-id-3' class='toggler  av-title-above '  itemprop=\"headline\"  role='tab' tabindex='0' aria-controls='toggle-id-3' data-slide-speed=\"200\" data-title=\"&lt;b&gt;\u00bfMe notificaar\u00e1 sobre el estado de mi sugerencia?&lt;\/b&gt;\" data-title-open=\"\" data-aria_collapsed=\"Click to expand: &lt;b&gt;\u00bfMe notificaar\u00e1 sobre el estado de mi sugerencia?&lt;\/b&gt;\" data-aria_expanded=\"Click to collapse: &lt;b&gt;\u00bfMe notificaar\u00e1 sobre el estado de mi sugerencia?&lt;\/b&gt;\"><b>\u00bfMe notificaar\u00e1 sobre el estado de mi sugerencia?<\/b><span class=\"toggle_icon\"><span class=\"vert_icon\"><\/span><span class=\"hor_icon\"><\/span><\/span><\/p><div id='toggle-id-3' aria-labelledby='toggle-toggle-id-3' role='region' class='toggle_wrap  av-title-above'  ><div class='toggle_content invers-color '  itemprop=\"text\" ><p>Revisamos y evaluamos uno por uno cada cliente potencial que nos env\u00eda. En caso de que nuestro equipo de ventas vea potencial en uno, nos comunicaremos con usted por correo para aclarar algunos puntos y nuevamente una vez que comience el proceso. Le informaremos en caso de que exista la posibilidad de proponer un contrato a la empresa o, por lo contrario, si la recomendaci\u00f3n fracasara.<\/p>\n<\/div><\/div><\/div><\/section>\n<section class='av_toggle_section av-av_toggle-1a195caaa689ed303fe04d9671217f18'  itemscope=\"itemscope\" itemtype=\"https:\/\/schema.org\/CreativeWork\" ><div role=\"tablist\" class=\"single_toggle\" data-tags=\"{Todo} \"  ><p id='toggle-toggle-id-4' data-fake-id='#toggle-id-4' class='toggler  av-title-above '  itemprop=\"headline\"  role='tab' tabindex='0' aria-controls='toggle-id-4' data-slide-speed=\"200\" data-title=\"&lt;b&gt;\u00bfRecibir\u00e9 dinero en cualquier caso?&lt;\/b&gt;\" data-title-open=\"\" data-aria_collapsed=\"Click to expand: &lt;b&gt;\u00bfRecibir\u00e9 dinero en cualquier caso?&lt;\/b&gt;\" data-aria_expanded=\"Click to collapse: &lt;b&gt;\u00bfRecibir\u00e9 dinero en cualquier caso?&lt;\/b&gt;\"><b>\u00bfRecibir\u00e9 dinero en cualquier caso?<\/b><span class=\"toggle_icon\"><span class=\"vert_icon\"><\/span><span class=\"hor_icon\"><\/span><\/span><\/p><div id='toggle-id-4' aria-labelledby='toggle-toggle-id-4' role='region' class='toggle_wrap  av-title-above'  ><div class='toggle_content invers-color '  itemprop=\"text\" ><p>Pagaremos por la recomendaci\u00f3n de un cliente en caso de que podamos finalizar el contrato dentro de los 6 meses despu\u00e9s de su recomendaci\u00f3n, y solo en caso de un contrato firmado y despu\u00e9s de la primera factura pagada. No pagaremos solo por la recomendaci\u00f3n de un cliente.<\/p>\n<\/div><\/div><\/div><\/section>\n<section class='av_toggle_section av-av_toggle-9a64f21751a4e41815cf628f2395af38'  itemscope=\"itemscope\" itemtype=\"https:\/\/schema.org\/CreativeWork\" ><div role=\"tablist\" class=\"single_toggle\" data-tags=\"{Todo} \"  ><p id='toggle-toggle-id-5' data-fake-id='#toggle-id-5' class='toggler  av-title-above '  itemprop=\"headline\"  role='tab' tabindex='0' aria-controls='toggle-id-5' data-slide-speed=\"200\" data-title=\"&lt;b&gt;\u00bfPuedo enviarle una lista de clientes de otra empresa de Mystery Shopping?&lt;\/b&gt;\" data-title-open=\"\" data-aria_collapsed=\"Click to expand: &lt;b&gt;\u00bfPuedo enviarle una lista de clientes de otra empresa de Mystery Shopping?&lt;\/b&gt;\" data-aria_expanded=\"Click to collapse: &lt;b&gt;\u00bfPuedo enviarle una lista de clientes de otra empresa de Mystery Shopping?&lt;\/b&gt;\"><b>\u00bfPuedo enviarle una lista de clientes de otra empresa de Mystery Shopping?<\/b><span class=\"toggle_icon\"><span class=\"vert_icon\"><\/span><span class=\"hor_icon\"><\/span><\/span><\/p><div id='toggle-id-5' aria-labelledby='toggle-toggle-id-5' role='region' class='toggle_wrap  av-title-above'  ><div class='toggle_content invers-color '  itemprop=\"text\" ><p>Solo buscamos contactos de \u00abpista directa\u00bb, que provengan directamente de Usted debido a un contacto personal o relacionado con su trabajo. No podemos aceptar listas cubiertas por un Acuerdo de No Divulgaci\u00f3n u otros acuerdos que haya firmado con un tercero.<\/p>\n<\/div><\/div><\/div><\/section>\n<section class='av_toggle_section av-av_toggle-516a68cbff233dce5f79b174df1a183e'  itemscope=\"itemscope\" itemtype=\"https:\/\/schema.org\/CreativeWork\" ><div role=\"tablist\" class=\"single_toggle\" data-tags=\"{Todo} \"  ><p id='toggle-toggle-id-6' data-fake-id='#toggle-id-6' class='toggler  av-title-above '  itemprop=\"headline\"  role='tab' tabindex='0' aria-controls='toggle-id-6' data-slide-speed=\"200\" data-title=\"&lt;b&gt;\u00bfPuedo trabajar como contratista de ventas independiente?&lt;\/b&gt;\" data-title-open=\"\" data-aria_collapsed=\"Click to expand: &lt;b&gt;\u00bfPuedo trabajar como contratista de ventas independiente?&lt;\/b&gt;\" data-aria_expanded=\"Click to collapse: &lt;b&gt;\u00bfPuedo trabajar como contratista de ventas independiente?&lt;\/b&gt;\"><b>\u00bfPuedo trabajar como contratista de ventas independiente?<\/b><span class=\"toggle_icon\"><span class=\"vert_icon\"><\/span><span class=\"hor_icon\"><\/span><\/span><\/p><div id='toggle-id-6' aria-labelledby='toggle-toggle-id-6' role='region' class='toggle_wrap  av-title-above'  ><div class='toggle_content invers-color '  itemprop=\"text\" ><p>Este programa est\u00e1 dedicado a nuestros evaluadores, y por el momento no estamos pensando de cambiar nuestra estructura de ventas.<\/p>\n<\/div><\/div><\/div><\/section>\n<section class='av_toggle_section av-av_toggle-7038a88dad2778097dbb9758c6837145'  itemscope=\"itemscope\" itemtype=\"https:\/\/schema.org\/CreativeWork\" ><div role=\"tablist\" class=\"single_toggle\" data-tags=\"{Todo} \"  ><p id='toggle-toggle-id-7' data-fake-id='#toggle-id-7' class='toggler  av-title-above '  itemprop=\"headline\"  role='tab' tabindex='0' aria-controls='toggle-id-7' data-slide-speed=\"200\" data-title=\"&lt;b&gt;\u00bfHay alguna industria preferida que deba buscar?&lt;\/b&gt;\" data-title-open=\"\" data-aria_collapsed=\"Click to expand: &lt;b&gt;\u00bfHay alguna industria preferida que deba buscar?&lt;\/b&gt;\" data-aria_expanded=\"Click to collapse: &lt;b&gt;\u00bfHay alguna industria preferida que deba buscar?&lt;\/b&gt;\"><b>\u00bfHay alguna industria preferida que deba buscar?<\/b><span class=\"toggle_icon\"><span class=\"vert_icon\"><\/span><span class=\"hor_icon\"><\/span><\/span><\/p><div id='toggle-id-7' aria-labelledby='toggle-toggle-id-7' role='region' class='toggle_wrap  av-title-above'  ><div class='toggle_content invers-color '  itemprop=\"text\" ><p>Puede hacer recomendaciones de cualquier compa\u00f1\u00eda, pero en este momento estamos buscando en particular programas en l\u00ednea y por tel\u00e9fono, por lo que las compa\u00f1\u00edas en l\u00ednea (alimentos, venta minorista, entrega de comestibles), farmacias, bancos, seguros y telecomunicaciones son m\u00e1s interesantes.<\/p>\n<\/div><\/div><\/div><\/section>\n<\/div>\n","protected":false},"excerpt":{"rendered":"","protected":false},"author":56,"featured_media":20944,"parent":0,"menu_order":0,"comment_status":"closed","ping_status":"closed","template":"","meta":{"footnotes":""},"class_list":["post-20990","page","type-page","status-publish","has-post-thumbnail","hentry"],"yoast_head":"<!-- This site is optimized with the Yoast SEO plugin v27.3 - https:\/\/yoast.com\/product\/yoast-seo-wordpress\/ -->\n<title>PREGUNTAS FRECUENTES SOBRE LA RECOMENDACI\u00d3N DE UN CLIENTE - BARE International Europe<\/title>\n<meta name=\"robots\" content=\"index, follow, max-snippet:-1, max-image-preview:large, max-video-preview:-1\" \/>\n<link rel=\"canonical\" href=\"https:\/\/www.bareinternational.eu\/es\/preguntas-frecuentes-sobre-la-recomendacion-de-un-cliente\/\" \/>\n<meta property=\"og:locale\" content=\"es_ES\" \/>\n<meta property=\"og:type\" content=\"article\" \/>\n<meta property=\"og:title\" content=\"PREGUNTAS FRECUENTES SOBRE LA RECOMENDACI\u00d3N DE UN CLIENTE - BARE International Europe\" \/>\n<meta property=\"og:url\" content=\"https:\/\/www.bareinternational.eu\/es\/preguntas-frecuentes-sobre-la-recomendacion-de-un-cliente\/\" \/>\n<meta property=\"og:site_name\" content=\"BARE International Europe\" \/>\n<meta property=\"article:modified_time\" content=\"2020-04-22T14:31:18+00:00\" \/>\n<meta property=\"og:image\" content=\"https:\/\/www.bareinternational.eu\/wp-content\/uploads\/sites\/6\/2020\/04\/featured_client-referral.png\" \/>\n\t<meta property=\"og:image:width\" content=\"1080\" \/>\n\t<meta property=\"og:image:height\" content=\"1080\" \/>\n\t<meta property=\"og:image:type\" content=\"image\/png\" \/>\n<meta name=\"twitter:card\" content=\"summary_large_image\" \/>\n<meta name=\"twitter:label1\" content=\"Tiempo de lectura\" \/>\n\t<meta name=\"twitter:data1\" content=\"3 minutos\" \/>\n<script type=\"application\/ld+json\" class=\"yoast-schema-graph\">{\"@context\":\"https:\\\/\\\/schema.org\",\"@graph\":[{\"@type\":\"WebPage\",\"@id\":\"https:\\\/\\\/www.bareinternational.eu\\\/es\\\/preguntas-frecuentes-sobre-la-recomendacion-de-un-cliente\\\/\",\"url\":\"https:\\\/\\\/www.bareinternational.eu\\\/es\\\/preguntas-frecuentes-sobre-la-recomendacion-de-un-cliente\\\/\",\"name\":\"PREGUNTAS FRECUENTES SOBRE LA RECOMENDACI\u00d3N DE UN CLIENTE - BARE International Europe\",\"isPartOf\":{\"@id\":\"https:\\\/\\\/www.bareinternational.eu\\\/es\\\/#website\"},\"primaryImageOfPage\":{\"@id\":\"https:\\\/\\\/www.bareinternational.eu\\\/es\\\/preguntas-frecuentes-sobre-la-recomendacion-de-un-cliente\\\/#primaryimage\"},\"image\":{\"@id\":\"https:\\\/\\\/www.bareinternational.eu\\\/es\\\/preguntas-frecuentes-sobre-la-recomendacion-de-un-cliente\\\/#primaryimage\"},\"thumbnailUrl\":\"https:\\\/\\\/www.bareinternational.eu\\\/wp-content\\\/uploads\\\/sites\\\/6\\\/2020\\\/04\\\/featured_client-referral.png\",\"datePublished\":\"2020-04-22T12:52:36+00:00\",\"dateModified\":\"2020-04-22T14:31:18+00:00\",\"breadcrumb\":{\"@id\":\"https:\\\/\\\/www.bareinternational.eu\\\/es\\\/preguntas-frecuentes-sobre-la-recomendacion-de-un-cliente\\\/#breadcrumb\"},\"inLanguage\":\"es\",\"potentialAction\":[{\"@type\":\"ReadAction\",\"target\":[\"https:\\\/\\\/www.bareinternational.eu\\\/es\\\/preguntas-frecuentes-sobre-la-recomendacion-de-un-cliente\\\/\"]}]},{\"@type\":\"ImageObject\",\"inLanguage\":\"es\",\"@id\":\"https:\\\/\\\/www.bareinternational.eu\\\/es\\\/preguntas-frecuentes-sobre-la-recomendacion-de-un-cliente\\\/#primaryimage\",\"url\":\"https:\\\/\\\/www.bareinternational.eu\\\/wp-content\\\/uploads\\\/sites\\\/6\\\/2020\\\/04\\\/featured_client-referral.png\",\"contentUrl\":\"https:\\\/\\\/www.bareinternational.eu\\\/wp-content\\\/uploads\\\/sites\\\/6\\\/2020\\\/04\\\/featured_client-referral.png\",\"width\":1080,\"height\":1080,\"caption\":\"Client referral\"},{\"@type\":\"BreadcrumbList\",\"@id\":\"https:\\\/\\\/www.bareinternational.eu\\\/es\\\/preguntas-frecuentes-sobre-la-recomendacion-de-un-cliente\\\/#breadcrumb\",\"itemListElement\":[{\"@type\":\"ListItem\",\"position\":1,\"name\":\"Home\",\"item\":\"https:\\\/\\\/www.bareinternational.eu\\\/es\\\/home\\\/\"},{\"@type\":\"ListItem\",\"position\":2,\"name\":\"PREGUNTAS FRECUENTES SOBRE LA RECOMENDACI\u00d3N DE UN CLIENTE\"}]},{\"@type\":\"WebSite\",\"@id\":\"https:\\\/\\\/www.bareinternational.eu\\\/es\\\/#website\",\"url\":\"https:\\\/\\\/www.bareinternational.eu\\\/es\\\/\",\"name\":\"BARE International Europe\",\"description\":\"Discover the path to experience excellence.\",\"publisher\":{\"@id\":\"https:\\\/\\\/www.bareinternational.eu\\\/es\\\/#organization\"},\"potentialAction\":[{\"@type\":\"SearchAction\",\"target\":{\"@type\":\"EntryPoint\",\"urlTemplate\":\"https:\\\/\\\/www.bareinternational.eu\\\/es\\\/?s={search_term_string}\"},\"query-input\":{\"@type\":\"PropertyValueSpecification\",\"valueRequired\":true,\"valueName\":\"search_term_string\"}}],\"inLanguage\":\"es\"},{\"@type\":\"Organization\",\"@id\":\"https:\\\/\\\/www.bareinternational.eu\\\/es\\\/#organization\",\"name\":\"BARE International\",\"url\":\"https:\\\/\\\/www.bareinternational.eu\\\/es\\\/\",\"logo\":{\"@type\":\"ImageObject\",\"inLanguage\":\"es\",\"@id\":\"https:\\\/\\\/www.bareinternational.eu\\\/es\\\/#\\\/schema\\\/logo\\\/image\\\/\",\"url\":\"https:\\\/\\\/www.bareinternational.eu\\\/wp-content\\\/uploads\\\/sites\\\/6\\\/2022\\\/07\\\/BARE-Logo-WP-2022.png\",\"contentUrl\":\"https:\\\/\\\/www.bareinternational.eu\\\/wp-content\\\/uploads\\\/sites\\\/6\\\/2022\\\/07\\\/BARE-Logo-WP-2022.png\",\"width\":340,\"height\":135,\"caption\":\"BARE International\"},\"image\":{\"@id\":\"https:\\\/\\\/www.bareinternational.eu\\\/es\\\/#\\\/schema\\\/logo\\\/image\\\/\"}}]}<\/script>\n<!-- \/ Yoast SEO plugin. -->","yoast_head_json":{"title":"PREGUNTAS FRECUENTES SOBRE LA RECOMENDACI\u00d3N DE UN CLIENTE - BARE International Europe","robots":{"index":"index","follow":"follow","max-snippet":"max-snippet:-1","max-image-preview":"max-image-preview:large","max-video-preview":"max-video-preview:-1"},"canonical":"https:\/\/www.bareinternational.eu\/es\/preguntas-frecuentes-sobre-la-recomendacion-de-un-cliente\/","og_locale":"es_ES","og_type":"article","og_title":"PREGUNTAS FRECUENTES SOBRE LA RECOMENDACI\u00d3N DE UN CLIENTE - BARE International Europe","og_url":"https:\/\/www.bareinternational.eu\/es\/preguntas-frecuentes-sobre-la-recomendacion-de-un-cliente\/","og_site_name":"BARE International Europe","article_modified_time":"2020-04-22T14:31:18+00:00","og_image":[{"width":1080,"height":1080,"url":"https:\/\/www.bareinternational.eu\/wp-content\/uploads\/sites\/6\/2020\/04\/featured_client-referral.png","type":"image\/png"}],"twitter_card":"summary_large_image","twitter_misc":{"Tiempo de lectura":"3 minutos"},"schema":{"@context":"https:\/\/schema.org","@graph":[{"@type":"WebPage","@id":"https:\/\/www.bareinternational.eu\/es\/preguntas-frecuentes-sobre-la-recomendacion-de-un-cliente\/","url":"https:\/\/www.bareinternational.eu\/es\/preguntas-frecuentes-sobre-la-recomendacion-de-un-cliente\/","name":"PREGUNTAS FRECUENTES SOBRE LA RECOMENDACI\u00d3N DE UN CLIENTE - BARE International Europe","isPartOf":{"@id":"https:\/\/www.bareinternational.eu\/es\/#website"},"primaryImageOfPage":{"@id":"https:\/\/www.bareinternational.eu\/es\/preguntas-frecuentes-sobre-la-recomendacion-de-un-cliente\/#primaryimage"},"image":{"@id":"https:\/\/www.bareinternational.eu\/es\/preguntas-frecuentes-sobre-la-recomendacion-de-un-cliente\/#primaryimage"},"thumbnailUrl":"https:\/\/www.bareinternational.eu\/wp-content\/uploads\/sites\/6\/2020\/04\/featured_client-referral.png","datePublished":"2020-04-22T12:52:36+00:00","dateModified":"2020-04-22T14:31:18+00:00","breadcrumb":{"@id":"https:\/\/www.bareinternational.eu\/es\/preguntas-frecuentes-sobre-la-recomendacion-de-un-cliente\/#breadcrumb"},"inLanguage":"es","potentialAction":[{"@type":"ReadAction","target":["https:\/\/www.bareinternational.eu\/es\/preguntas-frecuentes-sobre-la-recomendacion-de-un-cliente\/"]}]},{"@type":"ImageObject","inLanguage":"es","@id":"https:\/\/www.bareinternational.eu\/es\/preguntas-frecuentes-sobre-la-recomendacion-de-un-cliente\/#primaryimage","url":"https:\/\/www.bareinternational.eu\/wp-content\/uploads\/sites\/6\/2020\/04\/featured_client-referral.png","contentUrl":"https:\/\/www.bareinternational.eu\/wp-content\/uploads\/sites\/6\/2020\/04\/featured_client-referral.png","width":1080,"height":1080,"caption":"Client referral"},{"@type":"BreadcrumbList","@id":"https:\/\/www.bareinternational.eu\/es\/preguntas-frecuentes-sobre-la-recomendacion-de-un-cliente\/#breadcrumb","itemListElement":[{"@type":"ListItem","position":1,"name":"Home","item":"https:\/\/www.bareinternational.eu\/es\/home\/"},{"@type":"ListItem","position":2,"name":"PREGUNTAS FRECUENTES SOBRE LA RECOMENDACI\u00d3N DE UN CLIENTE"}]},{"@type":"WebSite","@id":"https:\/\/www.bareinternational.eu\/es\/#website","url":"https:\/\/www.bareinternational.eu\/es\/","name":"BARE International Europe","description":"Discover the path to experience excellence.","publisher":{"@id":"https:\/\/www.bareinternational.eu\/es\/#organization"},"potentialAction":[{"@type":"SearchAction","target":{"@type":"EntryPoint","urlTemplate":"https:\/\/www.bareinternational.eu\/es\/?s={search_term_string}"},"query-input":{"@type":"PropertyValueSpecification","valueRequired":true,"valueName":"search_term_string"}}],"inLanguage":"es"},{"@type":"Organization","@id":"https:\/\/www.bareinternational.eu\/es\/#organization","name":"BARE International","url":"https:\/\/www.bareinternational.eu\/es\/","logo":{"@type":"ImageObject","inLanguage":"es","@id":"https:\/\/www.bareinternational.eu\/es\/#\/schema\/logo\/image\/","url":"https:\/\/www.bareinternational.eu\/wp-content\/uploads\/sites\/6\/2022\/07\/BARE-Logo-WP-2022.png","contentUrl":"https:\/\/www.bareinternational.eu\/wp-content\/uploads\/sites\/6\/2022\/07\/BARE-Logo-WP-2022.png","width":340,"height":135,"caption":"BARE International"},"image":{"@id":"https:\/\/www.bareinternational.eu\/es\/#\/schema\/logo\/image\/"}}]}},"_links":{"self":[{"href":"https:\/\/www.bareinternational.eu\/es\/wp-json\/wp\/v2\/pages\/20990","targetHints":{"allow":["GET"]}}],"collection":[{"href":"https:\/\/www.bareinternational.eu\/es\/wp-json\/wp\/v2\/pages"}],"about":[{"href":"https:\/\/www.bareinternational.eu\/es\/wp-json\/wp\/v2\/types\/page"}],"author":[{"embeddable":true,"href":"https:\/\/www.bareinternational.eu\/es\/wp-json\/wp\/v2\/users\/56"}],"replies":[{"embeddable":true,"href":"https:\/\/www.bareinternational.eu\/es\/wp-json\/wp\/v2\/comments?post=20990"}],"version-history":[{"count":0,"href":"https:\/\/www.bareinternational.eu\/es\/wp-json\/wp\/v2\/pages\/20990\/revisions"}],"wp:featuredmedia":[{"embeddable":true,"href":"https:\/\/www.bareinternational.eu\/es\/wp-json\/wp\/v2\/media\/20944"}],"wp:attachment":[{"href":"https:\/\/www.bareinternational.eu\/es\/wp-json\/wp\/v2\/media?parent=20990"}],"curies":[{"name":"wp","href":"https:\/\/api.w.org\/{rel}","templated":true}]}}